{"id":2467,"date":"2023-08-02T23:51:00","date_gmt":"2023-08-02T23:51:00","guid":{"rendered":"https:\/\/tecnoglobalgt.com\/es\/?post_type=product&#038;p=2467"},"modified":"2023-08-02T23:51:00","modified_gmt":"2023-08-02T23:51:00","slug":"extension-vga-xtech-hembra-macho-xtc-313-empaque-desgastado","status":"publish","type":"product","link":"https:\/\/tecnoglobalgt.com\/es\/product\/extension-vga-xtech-hembra-macho-xtc-313-empaque-desgastado\/","title":{"rendered":"EXTENSION  VGA XTECH HEMBRA &#8211; MACHO XTC-313 EMPAQUE DESGASTADO"},"content":{"rendered":"<p><strong>ESPECIFICACIONES:<\/strong><\/p>\n<ul>\n<li>Cable de extensi\u00f3n del monitor VGA<\/li>\n<li>Di\u00e1metro exterior: 6.8mm<\/li>\n<li>Calibre del alambre: 30AWG<\/li>\n<li>Conductor: cobre<\/li>\n<li>Chaqueta: PVC<\/li>\n<li>Resoluci\u00f3n: 720p<\/li>\n<li>Longitud: 6 pies<\/li>\n<\/ul>\n<p><strong>NOTA: EL EMPAQUE ESTA POCO DESGASTADO\u00a0<\/strong><\/p>\n","protected":false},"excerpt":{"rendered":"<p>ESPECIFICACIONES: Cable de extensi\u00f3n del monitor VGA Di\u00e1metro exterior: 6.8mm Calibre del alambre: 30AWG Conductor: cobre Chaqueta: PVC Resoluci\u00f3n: 720p Longitud: 6 pies NOTA: EL EMPAQUE ESTA POCO DESGASTADO\u00a0<\/p>\n","protected":false},"featured_media":2468,"comment_status":"open","ping_status":"closed","template":"","meta":[],"product_cat":[168],"product_tag":[],"class_list":{"0":"post-2467","1":"product","2":"type-product","3":"status-publish","4":"has-post-thumbnail","6":"product_cat-cables","8":"first","9":"instock","10":"taxable","11":"shipping-taxable","12":"purchasable","13":"product-type-simple"},"_links":{"self":[{"href":"https:\/\/tecnoglobalgt.com\/es\/wp-json\/wp\/v2\/product\/2467","targetHints":{"allow":["GET"]}}],"collection":[{"href":"https:\/\/tecnoglobalgt.com\/es\/wp-json\/wp\/v2\/product"}],"about":[{"href":"https:\/\/tecnoglobalgt.com\/es\/wp-json\/wp\/v2\/types\/product"}],"replies":[{"embeddable":true,"href":"https:\/\/tecnoglobalgt.com\/es\/wp-json\/wp\/v2\/comments?post=2467"}],"wp:featuredmedia":[{"embeddable":true,"href":"https:\/\/tecnoglobalgt.com\/es\/wp-json\/wp\/v2\/media\/2468"}],"wp:attachment":[{"href":"https:\/\/tecnoglobalgt.com\/es\/wp-json\/wp\/v2\/media?parent=2467"}],"wp:term":[{"taxonomy":"product_cat","embeddable":true,"href":"https:\/\/tecnoglobalgt.com\/es\/wp-json\/wp\/v2\/product_cat?post=2467"},{"taxonomy":"product_tag","embeddable":true,"href":"https:\/\/tecnoglobalgt.com\/es\/wp-json\/wp\/v2\/product_tag?post=2467"}],"curies":[{"name":"wp","href":"https:\/\/api.w.org\/{rel}","templated":true}]}}