{"id":2422,"date":"2023-02-11T18:35:48","date_gmt":"2023-02-11T18:35:48","guid":{"rendered":"https:\/\/tecnoglobalgt.com\/es\/?post_type=product&#038;p=2422"},"modified":"2025-09-13T18:34:13","modified_gmt":"2025-09-13T18:34:13","slug":"bocina-xtech-para-pc-xts-111-ikonic-color-negro","status":"publish","type":"product","link":"https:\/\/tecnoglobalgt.com\/es\/product\/bocina-xtech-para-pc-xts-111-ikonic-color-negro\/","title":{"rendered":"BOCINA XTECH PARA PC XTS-111 IKONIC COLOR NEGRO"},"content":{"rendered":"<h3>Caracter\u00edsticas<\/h3>\n<ul>\n<li>Parlantes est\u00e9reo de 2.0 canales de dise\u00f1o contempor\u00e1neo con elegante acabado negro brillante que armoniza perfectamente en interiores tanto cl\u00e1sicos como modernos<\/li>\n<li>5 watts de un sonido de incre\u00edble nitidez para colmar tu sala de m\u00fasica, pel\u00edculas o videojuegos<\/li>\n<li>Conveniente perilla para el control del volumen ubicada al frente para ajustar la intensidad del sonido del computador, reproductores de DVD, CD o audio digital<\/li>\n<\/ul>\n<p><strong>Dispositivo<\/strong><\/p>\n<ul>\n<li>Tipo:\u00a0Parlantes est\u00e9reo multimedia de 2.0 canales<\/li>\n<li>M\u00e1xima potencia de salida (RMS):\u00a05W<\/li>\n<li>Entrada de CC:\u00a0USB de 5V<\/li>\n<li>Botones:\u00a0Perilla para el control del volumen<\/li>\n<\/ul>\n<p><strong>Parlante<\/strong><\/p>\n<ul>\n<li>Unidad del parlante:\u00a0\u00a02,0 pulgadas cada uno<\/li>\n<li>Frecuencia: 200Hz-18KHz<\/li>\n<li>M\u00e1xima potencia de salida (RMS): 5W (2,5W + 2,5W)<\/li>\n<li>Impedancia:\u00a04\u03a9<\/li>\n<li>Sensibilidad: 300mV<\/li>\n<li>Relaci\u00f3n de se\u00f1al a ruido: 60dB<\/li>\n<\/ul>\n<p><strong>Conectividad<\/strong><\/p>\n<ul>\n<li>Tipo de conexi\u00f3n: 3,5mm para audio y USB para alimentaci\u00f3n<\/li>\n<\/ul>\n<p><strong>Informaci\u00f3n adicional<\/strong><\/p>\n<ul>\n<li>Dimensiones: 10,1&#215;9,6&#215;9,6cm<\/li>\n<li>Color: Negro<\/li>\n<li>Peso: 436,6g<\/li>\n<li>Longitud del cable: 80cm<\/li>\n<li>Garant\u00eda:\u00a01 a\u00f1o<\/li>\n<\/ul>\n","protected":false},"excerpt":{"rendered":"<div class=\"col-md-4 col-12\" data-v-6831a363=\"\">\n<div class=\"text-left text-grey p-3\" data-v-6831a363=\"\"><span class=\"font-weight-bold text-primary\" data-v-6831a363=\"\"><strong>M\u00e1xima potencia de salida (RMS)<\/strong> :\u00a0<\/span><span style=\"font-size: 14.4px;\">5W<\/span><\/div>\n<\/div>\n<div class=\"col-md-4 col-12\" data-v-6831a363=\"\">\n<div class=\"text-left text-grey p-3\" data-v-6831a363=\"\"><strong><span class=\"font-weight-bold text-primary\" data-v-6831a363=\"\">Tipo de conexi\u00f3n: <\/span><\/strong><span style=\"font-size: 14.4px;\">3,5mm para audio y USB para alimentaci\u00f3n<\/span><\/div>\n<\/div>\n<div class=\"col-md-4 col-12\" data-v-6831a363=\"\">\n<div class=\"text-left text-grey p-3\" data-v-6831a363=\"\"><span class=\"font-weight-bold text-primary\" data-v-6831a363=\"\"><strong>Color:<\/strong> <\/span><span style=\"font-size: 14.4px;\">Negro<\/span><\/div>\n<\/div>\n","protected":false},"featured_media":2423,"comment_status":"open","ping_status":"closed","template":"","meta":[],"product_cat":[229,173],"product_tag":[],"class_list":{"0":"post-2422","1":"product","2":"type-product","3":"status-publish","4":"has-post-thumbnail","6":"product_cat-bocinas-para-pc","7":"product_cat-perifericos","9":"first","10":"outofstock","11":"taxable","12":"shipping-taxable","13":"purchasable","14":"product-type-simple"},"_links":{"self":[{"href":"https:\/\/tecnoglobalgt.com\/es\/wp-json\/wp\/v2\/product\/2422","targetHints":{"allow":["GET"]}}],"collection":[{"href":"https:\/\/tecnoglobalgt.com\/es\/wp-json\/wp\/v2\/product"}],"about":[{"href":"https:\/\/tecnoglobalgt.com\/es\/wp-json\/wp\/v2\/types\/product"}],"replies":[{"embeddable":true,"href":"https:\/\/tecnoglobalgt.com\/es\/wp-json\/wp\/v2\/comments?post=2422"}],"wp:featuredmedia":[{"embeddable":true,"href":"https:\/\/tecnoglobalgt.com\/es\/wp-json\/wp\/v2\/media\/2423"}],"wp:attachment":[{"href":"https:\/\/tecnoglobalgt.com\/es\/wp-json\/wp\/v2\/media?parent=2422"}],"wp:term":[{"taxonomy":"product_cat","embeddable":true,"href":"https:\/\/tecnoglobalgt.com\/es\/wp-json\/wp\/v2\/product_cat?post=2422"},{"taxonomy":"product_tag","embeddable":true,"href":"https:\/\/tecnoglobalgt.com\/es\/wp-json\/wp\/v2\/product_tag?post=2422"}],"curies":[{"name":"wp","href":"https:\/\/api.w.org\/{rel}","templated":true}]}}