{"id":2311,"date":"2022-08-18T23:30:02","date_gmt":"2022-08-18T23:30:02","guid":{"rendered":"https:\/\/tecnoglobalgt.com\/es\/?post_type=product&#038;p=2311"},"modified":"2025-09-12T21:24:07","modified_gmt":"2025-09-12T21:24:07","slug":"ups-forza-nt-1011-1000va-500w-120v-6-salidas","status":"publish","type":"product","link":"https:\/\/tecnoglobalgt.com\/es\/product\/ups-forza-nt-1011-1000va-500w-120v-6-salidas\/","title":{"rendered":"UPS FORZA NT-1011 1000VA\/500W 120V 6 SALIDAS"},"content":{"rendered":"<div class=\"col-md-3 border-colum\" data-v-89b604ac=\"\">\n<h3>Tipo de Soluci\u00f3n<\/h3>\n<ul data-v-89b604ac=\"\">\n<li data-v-89b604ac=\"\">Residencial<\/li>\n<li data-v-89b604ac=\"\">Punto de venta<\/li>\n<li data-v-89b604ac=\"\">Gubernamental<\/li>\n<\/ul>\n<\/div>\n<div class=\"col-md-3 border-colum\" data-v-89b604ac=\"\">\n<h3>Bater\u00eda de reemplazo<\/h3>\n<div class=\"rn-number\" data-v-89b604ac=\"\">FUB-1290<\/div>\n<div class=\"rn-number\" data-v-89b604ac=\"\">N\u00famero de Baterias: 1<\/div>\n<\/div>\n<div class=\"col-md-3\" data-v-89b604ac=\"\">\n<h3>Aplicaciones<\/h3>\n<ul data-v-89b604ac=\"\">\n<li data-v-89b604ac=\"\">Computadoras y accesorios<\/li>\n<li data-v-89b604ac=\"\">Monitores<\/li>\n<li data-v-89b604ac=\"\">Electr\u00f3nicos personales<\/li>\n<\/ul>\n<\/div>\n<div class=\"col-md-3\" data-v-89b604ac=\"\">\n<ul data-v-89b604ac=\"\">\n<li data-v-89b604ac=\"\">Televisores de 19-80&#8243;<\/li>\n<li data-v-89b604ac=\"\">Video vigilancia<\/li>\n<li data-v-89b604ac=\"\">Equipo para redes<\/li>\n<\/ul>\n<div class=\"col-sm-6 col-xs-12\" data-v-89b604ac=\"\"><img decoding=\"async\" title=\"Topolog\u00eda interactiva\" src=\"https:\/\/forza-ups-frontend.s3.amazonaws.com\/media\/img\/icon-interactive.png\" alt=\"Topolog\u00eda interactiva\" data-v-89b604ac=\"\" \/>\u00a0<strong data-v-89b604ac=\"\">Topolog\u00eda interactiva<\/strong><br data-v-89b604ac=\"\" \/>La UPS interactiva es una soluci\u00f3n rentable caracterizada por el bajo consumo de energ\u00eda y por incrementar los ciclos de vida \u00fatil de las bater\u00edas. La regulaci\u00f3n de tensi\u00f3n se realiza sin tener que pasar al modo de bater\u00eda.<\/div>\n<div class=\"col-sm-6 col-xs-12\" data-v-89b604ac=\"\"><img decoding=\"async\" title=\"Bater\u00eda de respaldo\" src=\"https:\/\/forza-ups-frontend.s3.amazonaws.com\/media\/img\/icon-battery.png\" alt=\"Bater\u00eda de respaldo\" data-v-89b604ac=\"\" \/>\u00a0<strong data-v-89b604ac=\"\">Bater\u00eda de respaldo<\/strong><br data-v-89b604ac=\"\" \/>Suministra energ\u00eda de respaldo proveniente de la bater\u00eda durante ca\u00eddas de tensi\u00f3n, evitando as\u00ed la p\u00e9rdida de informaci\u00f3n cr\u00edtica al mismo tiempo que minimiza los efectos de una desconexi\u00f3n forzosa. Acumula suficiente energ\u00eda con el fin de apagar los equipos en la forma apropiada.<\/div>\n<div class=\"col-sm-6 col-xs-12\" data-v-89b604ac=\"\"><img decoding=\"async\" title=\"Regulaci\u00f3n autom\u00e1tica de voltaje (AVR)\" src=\"https:\/\/forza-ups-frontend.s3.amazonaws.com\/media\/img\/icon-automatic.png\" alt=\"Regulaci\u00f3n autom\u00e1tica de voltaje (AVR)\" data-v-89b604ac=\"\" \/>\u00a0<strong data-v-89b604ac=\"\">Regulaci\u00f3n autom\u00e1tica de voltaje (AVR)<\/strong><br data-v-89b604ac=\"\" \/>Suministra corriente alterna pura y estable al aumentar autom\u00e1ticamente la baja tensi\u00f3n durante las ca\u00eddas de voltaje y al disminuir la sobretensi\u00f3n sin utilizar la energ\u00eda de reserva de la bater\u00eda cuando se presentan irregularidades en la l\u00ednea de suministro el\u00e9ctrico.<\/div>\n<div class=\"col-sm-6 col-xs-12\" data-v-89b604ac=\"\"><img decoding=\"async\" title=\"Apagado autom\u00e1tico\" src=\"https:\/\/forza-ups-frontend.s3.amazonaws.com\/media\/img\/icon-auto-power.png\" alt=\"Apagado autom\u00e1tico\" data-v-89b604ac=\"\" \/>\u00a0<strong data-v-89b604ac=\"\">Apagado autom\u00e1tico<\/strong><br data-v-89b604ac=\"\" \/>Produce la desconexi\u00f3n autom\u00e1tica cuando los niveles de tensi\u00f3n son demasiado altos o demasiado bajos con el fin de proteger sus equipos contra fluctuaciones potencialmente perjudiciales y dem\u00e1s irregularidades en el suministro el\u00e9ctrico.<\/div>\n<div class=\"col-sm-6 col-xs-12\" data-v-89b604ac=\"\"><img decoding=\"async\" title=\"Protecci\u00f3n contra sobretensi\u00f3n, sobrecarga, descarga el\u00e9ctrica y de voltaje\" src=\"https:\/\/forza-ups-frontend.s3.amazonaws.com\/media\/img\/icon-serge.png\" alt=\"Protecci\u00f3n contra sobretensi\u00f3n, sobrecarga, descarga el\u00e9ctrica y de voltaje\" data-v-89b604ac=\"\" \/>\u00a0<strong data-v-89b604ac=\"\">Protecci\u00f3n contra sobretensi\u00f3n, sobrecarga, descarga el\u00e9ctrica y de voltaje<\/strong><br data-v-89b604ac=\"\" \/>Desv\u00eda el exceso de tensi\u00f3n desde los equipos secundarios durante sobrecargas o subidas de tensi\u00f3n sin reducir la energ\u00eda de la bater\u00eda destinada a mantener funcionando los equipos cr\u00edticos primarios. Extiende la duraci\u00f3n de la bater\u00eda al evitar sobrecargas en el sistema y controlar las corrientes de carga.<\/div>\n<div class=\"col-sm-6 col-xs-12\" data-v-89b604ac=\"\"><img decoding=\"async\" title=\"Interruptor de reposici\u00f3n autom\u00e1tico\" src=\"https:\/\/forza-ups-frontend.s3.amazonaws.com\/media\/img\/icon-resetable.png\" alt=\"Interruptor de reposici\u00f3n autom\u00e1tico\" data-v-89b604ac=\"\" \/>\u00a0<strong data-v-89b604ac=\"\">Interruptor de reposici\u00f3n autom\u00e1tico<\/strong><br data-v-89b604ac=\"\" \/>Evita autom\u00e1ticamente el flujo de corriente en un circuito el\u00e9ctrico como medida de seguridad al detectar niveles de alta tensi\u00f3n inapropiados. Se puede volver a configurar para reanudar el funcionamiento.<\/div>\n<div class=\"col-sm-6 col-xs-12\" data-v-89b604ac=\"\"><img decoding=\"async\" title=\"Tecnolog\u00eda MOV\" src=\"https:\/\/forza-ups-frontend.s3.amazonaws.com\/media\/img\/icon-move.png\" alt=\"Tecnolog\u00eda MOV\" data-v-89b604ac=\"\" \/>\u00a0<strong data-v-89b604ac=\"\">Tecnolog\u00eda MOV<\/strong><br data-v-89b604ac=\"\" \/>La tecnolog\u00eda MOV (varistor de \u00f3xido de metal) ofrece mayor protecci\u00f3n para componentes electr\u00f3nicos contra sobrecargas y subidas repentinas de tensi\u00f3n.<\/div>\n<div class=\"col-sm-6 col-xs-12\" data-v-89b604ac=\"\"><img decoding=\"async\" title=\"Termofusible de protecci\u00f3n\" src=\"https:\/\/forza-ups-frontend.s3.amazonaws.com\/media\/img\/icon-therm.png\" alt=\"Termofusible de protecci\u00f3n\" data-v-89b604ac=\"\" \/>\u00a0<strong data-v-89b604ac=\"\">Termofusible de protecci\u00f3n<\/strong><br data-v-89b604ac=\"\" \/>Desconecta la corriente en forma instant\u00e1nea cuando la temperatura interna se eleva a niveles potencialmente perjudiciales.<\/div>\n<div class=\"col-sm-6 col-xs-12\" data-v-89b604ac=\"\"><img decoding=\"async\" title=\"Filtros de potencia\" src=\"https:\/\/forza-ups-frontend.s3.amazonaws.com\/media\/img\/icon-power.png\" alt=\"Filtros de potencia\" data-v-89b604ac=\"\" \/>\u00a0<strong data-v-89b604ac=\"\">Filtros de potencia<\/strong><br data-v-89b604ac=\"\" \/>Su funci\u00f3n es bloquear el ruido indeseado al reducir la interferencia electromagn\u00e9tica (EMI) y de radiofrecuencia (RFI), con el fin de suministrar electricidad pura y sin distorsi\u00f3n a todos los tomacorrientes.<\/div>\n<div class=\"col-sm-6 col-xs-12\" data-v-89b604ac=\"\"><img decoding=\"async\" title=\"Administraci\u00f3n inteligente de la bater\u00eda\" src=\"https:\/\/forza-ups-frontend.s3.amazonaws.com\/media\/img\/icon-intelligent.png\" alt=\"Administraci\u00f3n inteligente de la bater\u00eda\" data-v-89b604ac=\"\" \/>\u00a0<strong data-v-89b604ac=\"\">Administraci\u00f3n inteligente de la bater\u00eda<\/strong><br data-v-89b604ac=\"\" \/>Maximiza el funcionamiento, la vida \u00fatil y la fiabilidad de la bater\u00eda a trav\u00e9s de una carga inteligente y precisa.<\/div>\n<div class=\"col-sm-6 col-xs-12\" data-v-89b604ac=\"\"><img decoding=\"async\" title=\"Autoverificaci\u00f3n de la bater\u00eda\" src=\"https:\/\/forza-ups-frontend.s3.amazonaws.com\/media\/img\/icon-battery-self.png\" alt=\"Autoverificaci\u00f3n de la bater\u00eda\" data-v-89b604ac=\"\" \/>\u00a0<strong data-v-89b604ac=\"\">Autoverificaci\u00f3n de la bater\u00eda<\/strong><br data-v-89b604ac=\"\" \/>Genera notificaciones de falla anticipadas sobre bater\u00edas gastadas o agotadas para un reemplazo inmediato, con el fin de prevenir cualquier imprevisto relacionado con energ\u00eda de respaldo.<\/div>\n<div class=\"col-sm-6 col-xs-12\" data-v-89b604ac=\"\"><img decoding=\"async\" title=\"Alarma audible\" src=\"https:\/\/forza-ups-frontend.s3.amazonaws.com\/media\/img\/icon-audible.png\" alt=\"Alarma audible\" data-v-89b604ac=\"\" \/>\u00a0<strong data-v-89b604ac=\"\">Alarma audible<\/strong><br data-v-89b604ac=\"\" \/>Proporciona una notificaci\u00f3n audible al momento de cambiar el suministro de la red y las condiciones de alimentaci\u00f3n de la UPS cuando la unidad se instala en lugares de dif\u00edcil acceso o donde el usuario no puede verla con facilidad.<\/div>\n<div class=\"col-sm-6 col-xs-12\" data-v-89b604ac=\"\"><img decoding=\"async\" title=\"Material retardador de llama\" src=\"https:\/\/forza-ups-frontend.s3.amazonaws.com\/media\/img\/icon-flame.png\" alt=\"Material retardador de llama\" data-v-89b604ac=\"\" \/>\u00a0<strong data-v-89b604ac=\"\">Material retardador de llama<\/strong><br data-v-89b604ac=\"\" \/>Todos nuestros sistemas UPS est\u00e1n elaborados con material ABS retardador de llama, lo cual garantiza que de presentarse alguna falla, el equipo no es susceptible de prender fuego.<\/div>\n<div class=\"col-sm-6 col-xs-12\" data-v-89b604ac=\"\"><img decoding=\"async\" title=\"Opci\u00f3n de \u201carranque en fr\u00edo\u201d\" src=\"https:\/\/forza-ups-frontend.s3.amazonaws.com\/media\/img\/icon-cold.png\" alt=\"Opci\u00f3n de \u201carranque en fr\u00edo\u201d\" data-v-89b604ac=\"\" \/>\u00a0<strong data-v-89b604ac=\"\">Opci\u00f3n de \u201carranque en fr\u00edo\u201d<\/strong><br data-v-89b604ac=\"\" \/>Reserva temporal de energ\u00eda destinada a arrancar la UPS en el modo de bater\u00eda durante cortes de electricidad. Reestablece la corriente de emergencia a las cargas tan pronto se instalan bater\u00edas nuevas.<\/div>\n<div class=\"col-sm-6 col-xs-12\" data-v-89b604ac=\"\"><img decoding=\"async\" title=\"Protecci\u00f3n para l\u00ednea de datos\" src=\"https:\/\/forza-ups-frontend.s3.amazonaws.com\/media\/img\/icon-dataline.png\" alt=\"Protecci\u00f3n para l\u00ednea de datos\" data-v-89b604ac=\"\" \/>\u00a0<strong data-v-89b604ac=\"\">Protecci\u00f3n para l\u00ednea de datos<\/strong><br data-v-89b604ac=\"\" \/>Protecci\u00f3n integrada para l\u00ednea de datos evita que sobrevoltajes circulen a trav\u00e9s de la l\u00ednea telef\u00f3nica y de ethernet potencialmente perjudiciales para dispositivos electr\u00f3nicos sensibles.<\/div>\n<div class=\"col-sm-6 col-xs-12\" data-v-89b604ac=\"\"><img decoding=\"async\" title=\"Dise\u00f1o silencioso\" src=\"https:\/\/forza-ups-frontend.s3.amazonaws.com\/media\/img\/icon-silent.png\" alt=\"Dise\u00f1o silencioso\" data-v-89b604ac=\"\" \/>\u00a0<strong data-v-89b604ac=\"\">Dise\u00f1o silencioso<\/strong><br data-v-89b604ac=\"\" \/>Nuestro dise\u00f1o sin ventilador a la par con una estructura excepcional de enfriamiento constituye la soluci\u00f3n ideal para ambientes silenciosos con menos ruido e interferencias de lo que genera el movimiento de componentes internos.<\/div>\n<div class=\"col-sm-6 col-xs-12\" data-v-89b604ac=\"\"><img decoding=\"async\" title=\"Indicadores visuales LED\" src=\"https:\/\/forza-ups-frontend.s3.amazonaws.com\/media\/img\/LED-visual-indicators.png\" alt=\"Indicadores visuales LED\" data-v-89b604ac=\"\" \/>\u00a0<strong data-v-89b604ac=\"\">Indicadores visuales LED<\/strong><br data-v-89b604ac=\"\" \/>Las luces LED en el panel frontal indican el estado funcional de la UPS, la duraci\u00f3n de la bater\u00eda as\u00ed como fallas potenciales detectadas en el sistema.<\/div>\n<div class=\"col-sm-6 col-xs-12\" data-v-89b604ac=\"\"><img decoding=\"async\" title=\"3 a\u00f1os de garant\u00eda\" src=\"https:\/\/forza-ups-frontend.s3.amazonaws.com\/media\/img\/icon-3year.png\" alt=\"3 a\u00f1os de garant\u00eda\" data-v-89b604ac=\"\" \/>\u00a0<strong data-v-89b604ac=\"\">3 a\u00f1os de garant\u00eda<\/strong><br data-v-89b604ac=\"\" \/>Forza Power Technologies ofrece un programa directo seg\u00fan el cual la marca ofrece el reemplazo de un sistema UPS defectuoso dentro de un plazo de tres a\u00f1os a partir de la fecha de adquisici\u00f3n del producto. Consultar los t\u00e9rminos de la garant\u00eda para m\u00e1s detalles.<\/div>\n<\/div>\n","protected":false},"excerpt":{"rendered":"<ul class=\"ul-specs product-detail-ul\" data-v-89b604ac=\"\">\n<li data-v-89b604ac=\"\"><strong data-v-89b604ac=\"\">MPN:<\/strong>\u00a0NT-1011<\/li>\n<li data-v-89b604ac=\"\"><strong data-v-89b604ac=\"\">Capacidad:<\/strong>\u00a01000VA\/500W<\/li>\n<li data-v-89b604ac=\"\"><strong data-v-89b604ac=\"\">Topolog\u00eda: <\/strong>Interactiva<\/li>\n<li data-v-89b604ac=\"\"><strong data-v-89b604ac=\"\">Forma de onda: <\/strong>Onda senoidal simulada<\/li>\n<li data-v-89b604ac=\"\"><strong data-v-89b604ac=\"\">Voltaje: <\/strong>120V<\/li>\n<li data-v-89b604ac=\"\"><strong data-v-89b604ac=\"\">Tipo de entrada: <\/strong>NEMA 5-15P<\/li>\n<li data-v-89b604ac=\"\"><strong data-v-89b604ac=\"\">Tipo de salida: <\/strong>6 x NEMA 5-15R<\/li>\n<li data-v-89b604ac=\"\"><strong data-v-89b604ac=\"\">Indicador visual: <\/strong>Luz LED de estado<\/li>\n<\/ul>\n","protected":false},"featured_media":2312,"comment_status":"open","ping_status":"closed","template":"","meta":[],"product_brand":[],"product_cat":[88,230],"product_tag":[],"class_list":{"0":"post-2311","1":"product","2":"type-product","3":"status-publish","4":"has-post-thumbnail","6":"product_cat-proteccion","7":"product_cat-ups","9":"first","10":"instock","11":"taxable","12":"shipping-taxable","13":"purchasable","14":"product-type-simple"},"_links":{"self":[{"href":"https:\/\/tecnoglobalgt.com\/es\/wp-json\/wp\/v2\/product\/2311","targetHints":{"allow":["GET"]}}],"collection":[{"href":"https:\/\/tecnoglobalgt.com\/es\/wp-json\/wp\/v2\/product"}],"about":[{"href":"https:\/\/tecnoglobalgt.com\/es\/wp-json\/wp\/v2\/types\/product"}],"replies":[{"embeddable":true,"href":"https:\/\/tecnoglobalgt.com\/es\/wp-json\/wp\/v2\/comments?post=2311"}],"wp:featuredmedia":[{"embeddable":true,"href":"https:\/\/tecnoglobalgt.com\/es\/wp-json\/wp\/v2\/media\/2312"}],"wp:attachment":[{"href":"https:\/\/tecnoglobalgt.com\/es\/wp-json\/wp\/v2\/media?parent=2311"}],"wp:term":[{"taxonomy":"product_brand","embeddable":true,"href":"https:\/\/tecnoglobalgt.com\/es\/wp-json\/wp\/v2\/product_brand?post=2311"},{"taxonomy":"product_cat","embeddable":true,"href":"https:\/\/tecnoglobalgt.com\/es\/wp-json\/wp\/v2\/product_cat?post=2311"},{"taxonomy":"product_tag","embeddable":true,"href":"https:\/\/tecnoglobalgt.com\/es\/wp-json\/wp\/v2\/product_tag?post=2311"}],"curies":[{"name":"wp","href":"https:\/\/api.w.org\/{rel}","templated":true}]}}