{"id":2308,"date":"2022-08-18T23:20:07","date_gmt":"2022-08-18T23:20:07","guid":{"rendered":"https:\/\/tecnoglobalgt.com\/es\/?post_type=product&#038;p=2308"},"modified":"2025-09-12T21:24:30","modified_gmt":"2025-09-12T21:24:30","slug":"ups-xtech-500va-xtp-511-8-salidas","status":"publish","type":"product","link":"https:\/\/tecnoglobalgt.com\/es\/product\/ups-xtech-500va-xtp-511-8-salidas\/","title":{"rendered":"UPS XTECH 500VA XTP-511 8 SALIDAS"},"content":{"rendered":"<h3><b>Caracter\u00edsticas<\/b><\/h3>\n<ul>\n<li>Sistema de alimentaci\u00f3n Ininterrumpible\u00a0 con topolog\u00eda de l\u00ednea interactiva<\/li>\n<li>Cuatro (4) salidas con respaldo de bater\u00eda y cuatro (4) con supresi\u00f3n de sobretensi\u00f3n<\/li>\n<li>Fuente de alimentaci\u00f3n de respaldo<\/li>\n<\/ul>\n<h3><b>Especificaciones<\/b><\/h3>\n<ul>\n<li><b>Capacity:\u00a0500VA\/250W<\/b><\/li>\n<li><b>Topolog\u00eda:\u00a0Interactiva<\/b><\/li>\n<\/ul>\n<p><b>Entrada<\/b><\/p>\n<ul>\n<li><b>Tensi\u00f3n nominal:\u00a0115V<\/b><\/li>\n<li><b>Margen de tensi\u00f3n:\u00a075-144VCA<\/b><\/li>\n<li><b>Frecuencia:\u00a050\/60Hz (detecci\u00f3n autom\u00e1tica)<\/b><\/li>\n<\/ul>\n<p><b>Salida<\/b><\/p>\n<ul>\n<li><b>Tensi\u00f3n nominal:\u00a0115V<\/b><\/li>\n<li><b>Frecuencia:\u00a050\/60Hz<\/b><\/li>\n<li><b>Estabilidad de frecuencia:\u00a050\/60Hz \u00b1 1Hz<\/b><\/li>\n<li><b>N\u00famero total de salidas:\u00a08 (NEMA 5-15R)<\/b><\/li>\n<li><b>Respaldo de bater\u00eda :\u00a04 con supresi\u00f3n de sobretensi\u00f3n\/regulaci\u00f3n de voltaje<\/b><\/li>\n<li><b>Tomacorrientes exclusivos contra sobretensi\u00f3n :\u00a04 exclusivos contra sobretensi\u00f3n<\/b><\/li>\n<\/ul>\n<p><b>Bater\u00eda<\/b><\/p>\n<ul>\n<li><b>Tiempo de autonom\u00eda:\u00a07 minutos<\/b><\/li>\n<li><b>Tiempo de recarga:\u00a0Hasta el 90% de su capacidad en 5 horas en modo de l\u00ednea<\/b><\/li>\n<li><b>Regulaci\u00f3n de tensi\u00f3n:\u00a00<\/b><\/li>\n<li><b>Reducci\u00f3n:\u00a0120-128V<\/b><\/li>\n<li><b>Elevaci\u00f3n 1:\u00a098-106V<\/b><\/li>\n<li><b>Elevaci\u00f3n 2:\u00a084-92V<\/b><\/li>\n<li><b>Tensi\u00f3n de corte m\u00ednima:\u00a070-78V<\/b><\/li>\n<li><b>Tiempo t\u00edpico de transferencia:\u00a0&lt;6ms m\u00e1x<\/b><\/li>\n<li><b>Alarmas\/Indicadores:\u00a00<\/b><\/li>\n<li><b>Alarma audible:\u00a0Bajo voltaje de la bater\u00eda: se activa cuatro veces por segundo<\/b><\/li>\n<li><b>Sobrecarga y falla: sonido continuado<\/b><\/li>\n<\/ul>\n<p><b>Protecci\u00f3n<\/b><\/p>\n<ul>\n<li><b>Protecci\u00f3n total:\u00a0Modo de bater\u00eda: 100% \u00b1 10%, emite un tono audible, tras 1 minuto se desconecta y pasa al modo de falla<\/b><\/li>\n<\/ul>\n<p><b>Caracter\u00edsticas f\u00edsicas<\/b><\/p>\n<ul>\n<li><b>Longitud del cable:\u00a01m<\/b><\/li>\n<li><b>Dimensiones:\u00a021&#215;13,1&#215;9,8cm<\/b><\/li>\n<\/ul>\n","protected":false},"excerpt":{"rendered":"<div class=\"col-md-4 col-12\" data-v-34e48a78=\"\">\n<ul>\n<li class=\"text-left text-grey p-3\"><span class=\"font-weight-bold text-primary\" data-v-34e48a78=\"\">Capacidad :\u00a0<\/span>500VA\/250W<\/li>\n<\/ul>\n<\/div>\n<div class=\"col-md-4 col-12\" data-v-34e48a78=\"\">\n<ul>\n<li class=\"text-left text-grey p-3\"><span class=\"font-weight-bold text-primary\" data-v-34e48a78=\"\">Tensi\u00f3n nominal:\u00a0<\/span>115V<\/li>\n<\/ul>\n<\/div>\n<div class=\"col-md-4 col-12\" data-v-34e48a78=\"\">\n<ul>\n<li class=\"text-left text-grey p-3\"><span class=\"font-weight-bold text-primary\" data-v-34e48a78=\"\">N\u00famero total de salidas :\u00a0<\/span>8 (NEMA 5-15R)<\/li>\n<\/ul>\n<\/div>\n","protected":false},"featured_media":2309,"comment_status":"open","ping_status":"closed","template":"","meta":[],"product_cat":[88,230],"product_tag":[],"class_list":{"0":"post-2308","1":"product","2":"type-product","3":"status-publish","4":"has-post-thumbnail","6":"product_cat-proteccion","7":"product_cat-ups","9":"first","10":"instock","11":"taxable","12":"shipping-taxable","13":"purchasable","14":"product-type-simple"},"_links":{"self":[{"href":"https:\/\/tecnoglobalgt.com\/es\/wp-json\/wp\/v2\/product\/2308","targetHints":{"allow":["GET"]}}],"collection":[{"href":"https:\/\/tecnoglobalgt.com\/es\/wp-json\/wp\/v2\/product"}],"about":[{"href":"https:\/\/tecnoglobalgt.com\/es\/wp-json\/wp\/v2\/types\/product"}],"replies":[{"embeddable":true,"href":"https:\/\/tecnoglobalgt.com\/es\/wp-json\/wp\/v2\/comments?post=2308"}],"wp:featuredmedia":[{"embeddable":true,"href":"https:\/\/tecnoglobalgt.com\/es\/wp-json\/wp\/v2\/media\/2309"}],"wp:attachment":[{"href":"https:\/\/tecnoglobalgt.com\/es\/wp-json\/wp\/v2\/media?parent=2308"}],"wp:term":[{"taxonomy":"product_cat","embeddable":true,"href":"https:\/\/tecnoglobalgt.com\/es\/wp-json\/wp\/v2\/product_cat?post=2308"},{"taxonomy":"product_tag","embeddable":true,"href":"https:\/\/tecnoglobalgt.com\/es\/wp-json\/wp\/v2\/product_tag?post=2308"}],"curies":[{"name":"wp","href":"https:\/\/api.w.org\/{rel}","templated":true}]}}