{"id":2298,"date":"2022-08-16T23:14:20","date_gmt":"2022-08-16T23:14:20","guid":{"rendered":"https:\/\/tecnoglobalgt.com\/es\/?post_type=product&#038;p=2298"},"modified":"2025-09-13T18:37:15","modified_gmt":"2025-09-13T18:37:15","slug":"cartucho-original-canon-cl-146-tri-color","status":"publish","type":"product","link":"https:\/\/tecnoglobalgt.com\/es\/product\/cartucho-original-canon-cl-146-tri-color\/","title":{"rendered":"CARTUCHO ORIGINAL CANON CL-146 TRI-COLOR **VENCIDOS**"},"content":{"rendered":"<p>El Cartucho Original Canon CL-146 con sus 9ml mejora el rendimiento y costo de impresi\u00f3n. Adem\u00e1s, gracias a su sistema FINE, te entrega resultados con calidad de laboratorio fotogr\u00e1fico y la m\u00e1xima comodidad al poder ser sustituida f\u00e1cilmente en unos segundos.<\/p>\n<p>Compatible con la PIXMA IP2810 \/ MG2410 \/ MG2510 \/ MG2910<\/p>\n","protected":false},"excerpt":{"rendered":"<p>El Cartucho Original Canon CL-146 con sus 9ml mejora el rendimiento y costo de impresi\u00f3n. Adem\u00e1s, gracias a su sistema FINE, te entrega resultados con calidad de laboratorio fotogr\u00e1fico y la m\u00e1xima comodidad al poder ser sustituida f\u00e1cilmente en unos segundos. Compatible con la PIXMA IP2810 \/ MG2410 \/ MG2510 \/ MG2910<\/p>\n","protected":false},"featured_media":2299,"comment_status":"open","ping_status":"closed","template":"","meta":[],"product_cat":[195,166],"product_tag":[],"class_list":{"0":"post-2298","1":"product","2":"type-product","3":"status-publish","4":"has-post-thumbnail","6":"product_cat-cartuchos","7":"product_cat-suministros","9":"first","10":"instock","11":"taxable","12":"shipping-taxable","13":"purchasable","14":"product-type-simple"},"_links":{"self":[{"href":"https:\/\/tecnoglobalgt.com\/es\/wp-json\/wp\/v2\/product\/2298","targetHints":{"allow":["GET"]}}],"collection":[{"href":"https:\/\/tecnoglobalgt.com\/es\/wp-json\/wp\/v2\/product"}],"about":[{"href":"https:\/\/tecnoglobalgt.com\/es\/wp-json\/wp\/v2\/types\/product"}],"replies":[{"embeddable":true,"href":"https:\/\/tecnoglobalgt.com\/es\/wp-json\/wp\/v2\/comments?post=2298"}],"wp:featuredmedia":[{"embeddable":true,"href":"https:\/\/tecnoglobalgt.com\/es\/wp-json\/wp\/v2\/media\/2299"}],"wp:attachment":[{"href":"https:\/\/tecnoglobalgt.com\/es\/wp-json\/wp\/v2\/media?parent=2298"}],"wp:term":[{"taxonomy":"product_cat","embeddable":true,"href":"https:\/\/tecnoglobalgt.com\/es\/wp-json\/wp\/v2\/product_cat?post=2298"},{"taxonomy":"product_tag","embeddable":true,"href":"https:\/\/tecnoglobalgt.com\/es\/wp-json\/wp\/v2\/product_tag?post=2298"}],"curies":[{"name":"wp","href":"https:\/\/api.w.org\/{rel}","templated":true}]}}