{"id":2292,"date":"2022-08-16T23:07:27","date_gmt":"2022-08-16T23:07:27","guid":{"rendered":"https:\/\/tecnoglobalgt.com\/es\/?post_type=product&#038;p=2292"},"modified":"2024-03-11T18:13:46","modified_gmt":"2024-03-11T18:13:46","slug":"cartucho-canon-pg-145-negro","status":"publish","type":"product","link":"https:\/\/tecnoglobalgt.com\/es\/product\/cartucho-canon-pg-145-negro\/","title":{"rendered":"CARTUCHO CANON PG-145 NEGRO"},"content":{"rendered":"<p>El Cartucho Original Canon PG-145 con sus 8ml mejora el rendimiento y costo de impresi\u00f3n. Adem\u00e1s, gracias a su sistema FINE, te entrega resultados con calidad de laboratorio fotogr\u00e1fico y la m\u00e1xima comodidad al poder ser sustituida f\u00e1cilmente en unos segundos.<\/p>\n<p>Compatible con la PIXMA IP2810 \/ MG2410 \/ MG2510 \/ MG2910<\/p>\n","protected":false},"excerpt":{"rendered":"<p>El Cartucho Original Canon PG-145 con sus 8ml mejora el rendimiento y costo de impresi\u00f3n. Adem\u00e1s, gracias a su sistema FINE, te entrega resultados con calidad de laboratorio fotogr\u00e1fico y la m\u00e1xima comodidad al poder ser sustituida f\u00e1cilmente en unos segundos. Compatible con la PIXMA IP2810 \/ MG2410 \/ MG2510 \/ MG2910<\/p>\n","protected":false},"featured_media":2293,"comment_status":"open","ping_status":"closed","template":"","meta":[],"product_cat":[195,166],"product_tag":[],"class_list":{"0":"post-2292","1":"product","2":"type-product","3":"status-publish","4":"has-post-thumbnail","6":"product_cat-cartuchos","7":"product_cat-suministros","9":"first","10":"outofstock","11":"taxable","12":"shipping-taxable","13":"purchasable","14":"product-type-simple"},"_links":{"self":[{"href":"https:\/\/tecnoglobalgt.com\/es\/wp-json\/wp\/v2\/product\/2292","targetHints":{"allow":["GET"]}}],"collection":[{"href":"https:\/\/tecnoglobalgt.com\/es\/wp-json\/wp\/v2\/product"}],"about":[{"href":"https:\/\/tecnoglobalgt.com\/es\/wp-json\/wp\/v2\/types\/product"}],"replies":[{"embeddable":true,"href":"https:\/\/tecnoglobalgt.com\/es\/wp-json\/wp\/v2\/comments?post=2292"}],"wp:featuredmedia":[{"embeddable":true,"href":"https:\/\/tecnoglobalgt.com\/es\/wp-json\/wp\/v2\/media\/2293"}],"wp:attachment":[{"href":"https:\/\/tecnoglobalgt.com\/es\/wp-json\/wp\/v2\/media?parent=2292"}],"wp:term":[{"taxonomy":"product_cat","embeddable":true,"href":"https:\/\/tecnoglobalgt.com\/es\/wp-json\/wp\/v2\/product_cat?post=2292"},{"taxonomy":"product_tag","embeddable":true,"href":"https:\/\/tecnoglobalgt.com\/es\/wp-json\/wp\/v2\/product_tag?post=2292"}],"curies":[{"name":"wp","href":"https:\/\/api.w.org\/{rel}","templated":true}]}}