{"id":2290,"date":"2022-08-16T23:03:17","date_gmt":"2022-08-16T23:03:17","guid":{"rendered":"https:\/\/tecnoglobalgt.com\/es\/?post_type=product&#038;p=2290"},"modified":"2025-06-25T23:12:49","modified_gmt":"2025-06-25T23:12:49","slug":"cartucho-original-hp-46-tricolor","status":"publish","type":"product","link":"https:\/\/tecnoglobalgt.com\/es\/product\/cartucho-original-hp-46-tricolor\/","title":{"rendered":"CARTUCHO ORIGINAL HP 46 TRICOLOR"},"content":{"rendered":"<div id=\"selling\">\n<div class=\"block widget block-container block-key-selling-points\">\n<div class=\"block-content\">\n<h4>Imprima hasta 750 p\u00e1ginas con un \u00fanico cartucho a color y reemplace la tinta con menos frecuencia. Estos cartuchos de tinta original HP de ultraalto rendimiento y larga duraci\u00f3n le ofrecen la calidad HP que espera por un precio excepcional.<\/h4>\n<p>Imprima m\u00e1s y gaste menos. Produzca hasta 750\u00a0p\u00e1ginas a color con los cartuchos de tinta original HP de bajo precio y larga duraci\u00f3n.<\/p>\n<p>Imprima m\u00e1s, compre menos y obtenga hasta 750 p\u00e1ginas a color con un \u00fanico cartucho, gracias a las tintas HP originales de larga duraci\u00f3n.<\/p>\n<p>&nbsp;<\/p>\n<h4>Cuente con impresiones brillantes con un sistema limpio y confiable de f\u00e1cil mantenimiento. Solo encaje los cartuchos en su lugar y empiece: ahorre tiempo, papel y dinero. Obtenga m\u00e1s de los documentos y las fotograf\u00edas que se destacan que necesita con los cartuchos de tinta original HP de larga duraci\u00f3n.<\/h4>\n<p>Cuente con impresiones brillantes y n\u00edtidas gracias a los cartuchos f\u00e1ciles de mantener: ahorre tiempo, papel y dinero.<\/p>\n<p>Las impresoras, las tintas y los papeles HP son dise\u00f1ados y probados de forma conjunta para ofrecer resultados \u00f3ptimos.<\/p>\n<p>Instale los cartuchos en un instante: cada uno tiene su propio c\u00f3digo de color y est\u00e1n dise\u00f1ados para encajar perfectamente en el lugar correcto.<\/p>\n<h4>Obtenga una calidad legendaria con HP y resultados excepcionales f\u00e1cilmente a un excelente costo. Los cartuchos de tinta original HP producen documentos, im\u00e1genes y fotograf\u00edas color de alta calidad que resisten la decoloraci\u00f3n.[1]<\/h4>\n<p>Conf\u00ede en las tintas originales HP para entregar im\u00e1genes de alta calidad y fotograf\u00edas con colores intensos.<\/p>\n<h4>Elija un cartucho de tinta hecho de materiales reciclados[3] y obtenga el servicio de reciclaje de cartuchos sencillo y gratuito a trav\u00e9s de HP Planet Partners.[2]<\/h4>\n<p>Obtenga el reciclaje de cartuchos sencillo y gratuito a trav\u00e9s de HP Planet Partners.[2]\n<p>Elija un cartucho de tinta que est\u00e9 dise\u00f1ado para proteger el medio ambiente y fabricado con material reciclado.[3]\n<p>&nbsp;<\/p>\n<\/div>\n<\/div>\n<\/div>\n<div class=\"block processor-operating-ksp \"><\/div>\n<div class=\"block widget block-container ink-ksp\">\n<div class=\"block-content\">\n<div data-content-type=\"row\" data-appearance=\"full-bleed\" data-enable-parallax=\"0\" data-parallax-speed=\"0.5\" data-background-images=\"{}\" data-element=\"main\" data-pb-style=\"629DB0E0A9514\">\n<div data-content-type=\"text\" data-appearance=\"default\" data-element=\"main\" data-pb-style=\"629DB0E0A951D\">\n<section class=\"main-container\">\n<div class=\"main-wrap\">\n<div class=\"left\"><img decoding=\"async\" class=\"icons\" src=\"https:\/\/d22k5h68hofcrd.cloudfront.net\/wysiwyg\/product\/inks\/icon1.png\" alt=\"\" \/><\/p>\n<div class=\"content-text\">\n<h3>Confiabilidad probada<\/h3>\n<p>Aproveche al m\u00e1ximo cada memoria cuando utiliza cartuchos de tinta HP originales para sus fotograf\u00edas, ya que cada impresi\u00f3n se desarrolla con la calidad en mente<\/p>\n<\/div>\n<\/div>\n<div class=\"right\"><img decoding=\"async\" class=\"mplazyload icons\" src=\"https:\/\/d22k5h68hofcrd.cloudfront.net\/wysiwyg\/product\/inks\/icon2.png\" alt=\"\" \/><\/p>\n<div class=\"content-text\">\n<h3>Mejor asequibilidad<\/h3>\n<p>Reviva grandes experiencias de impresiones resistentes al desvanecimiento que duran toda la vida cuando se utiliza tinta HP original.<\/p>\n<\/div>\n<\/div>\n<div class=\"left\"><img decoding=\"async\" class=\"mplazyload icons\" src=\"https:\/\/d22k5h68hofcrd.cloudfront.net\/wysiwyg\/product\/inks\/icon3.png\" alt=\"\" \/><\/p>\n<div class=\"content-text\">\n<h3>Calidad superior<\/h3>\n<p>Capture m\u00e1s momentos con mayor rendimiento de p\u00e1gina y mayor rentabilidad cuando imprime con cartuchos originales HP Ink XL.<\/p>\n<\/div>\n<\/div>\n<div class=\"right\"><img decoding=\"async\" class=\"mplazyload icons\" src=\"https:\/\/d22k5h68hofcrd.cloudfront.net\/wysiwyg\/product\/inks\/icon4.png\" alt=\"\" \/><\/p>\n<div class=\"content-text\">\n<h3>Imprime de forma responsable<\/h3>\n<p>Mantenga los cartuchos fuera del vertedero mediante el servicio gratuito de reciclaje de HP con cartuchos de recolecci\u00f3n de Cartridges 4 Planet Ark en la mayor\u00eda de las tiendas minoristas.<\/p>\n<\/div>\n<\/div>\n<\/div>\n<\/section>\n<p>&nbsp;<\/p>\n<\/div>\n<\/div>\n<div data-content-type=\"html\" data-appearance=\"default\" data-element=\"main\" data-decoded=\"true\"><\/div>\n<\/div>\n<\/div>\n<div id=\"contenidoIndexado\"><\/div>\n<div class=\"block widget block-container\">\n<div class=\"block-content\"><\/div>\n<\/div>\n<div class=\"product attribute supplies\"><\/div>\n","protected":false},"excerpt":{"rendered":"<ul>\n<li class=\"hp_facet_filter_cartcolor new-feature\"><span class=\"option-style\" title=\"Tricolor\">Tricolor<\/span><\/li>\n<li class=\"hp_facet_filter_prnttech new-feature\"><span class=\"option-style\" title=\"Tinta\">Tinta<\/span><\/li>\n<li class=\"hp_facet_filter_supplytype new-feature\"><span class=\"option-style\" title=\"Cartucho\">Cartucho<\/span><\/li>\n<\/ul>\n","protected":false},"featured_media":2291,"comment_status":"open","ping_status":"closed","template":"","meta":[],"product_cat":[195,166],"product_tag":[],"class_list":{"0":"post-2290","1":"product","2":"type-product","3":"status-publish","4":"has-post-thumbnail","6":"product_cat-cartuchos","7":"product_cat-suministros","9":"first","10":"outofstock","11":"taxable","12":"shipping-taxable","13":"purchasable","14":"product-type-simple"},"_links":{"self":[{"href":"https:\/\/tecnoglobalgt.com\/es\/wp-json\/wp\/v2\/product\/2290","targetHints":{"allow":["GET"]}}],"collection":[{"href":"https:\/\/tecnoglobalgt.com\/es\/wp-json\/wp\/v2\/product"}],"about":[{"href":"https:\/\/tecnoglobalgt.com\/es\/wp-json\/wp\/v2\/types\/product"}],"replies":[{"embeddable":true,"href":"https:\/\/tecnoglobalgt.com\/es\/wp-json\/wp\/v2\/comments?post=2290"}],"wp:featuredmedia":[{"embeddable":true,"href":"https:\/\/tecnoglobalgt.com\/es\/wp-json\/wp\/v2\/media\/2291"}],"wp:attachment":[{"href":"https:\/\/tecnoglobalgt.com\/es\/wp-json\/wp\/v2\/media?parent=2290"}],"wp:term":[{"taxonomy":"product_cat","embeddable":true,"href":"https:\/\/tecnoglobalgt.com\/es\/wp-json\/wp\/v2\/product_cat?post=2290"},{"taxonomy":"product_tag","embeddable":true,"href":"https:\/\/tecnoglobalgt.com\/es\/wp-json\/wp\/v2\/product_tag?post=2290"}],"curies":[{"name":"wp","href":"https:\/\/api.w.org\/{rel}","templated":true}]}}