{"id":2274,"date":"2022-08-16T18:47:02","date_gmt":"2022-08-16T18:47:02","guid":{"rendered":"https:\/\/tecnoglobalgt.com\/es\/?post_type=product&#038;p=2274"},"modified":"2024-03-06T15:13:11","modified_gmt":"2024-03-06T15:13:11","slug":"botella-de-tinta-original-canon-gi-11-amarilla-70ml","status":"publish","type":"product","link":"https:\/\/tecnoglobalgt.com\/es\/product\/botella-de-tinta-original-canon-gi-11-amarilla-70ml\/","title":{"rendered":"BOTELLA DE TINTA ORIGINAL CANON GI-11 AMARILLA 70ML"},"content":{"rendered":"<p id=\"tw-target-text\" class=\"tw-data-text tw-text-large XcVN5d tw-ta\" dir=\"ltr\" data-placeholder=\"Traducci\u00f3n\">Las botellas de tinta de alto rendimiento ofrecen una mayor productividad con un bajo costo de impresi\u00f3n por p\u00e1gina.<br \/>\nAhorre en el costo operativo total en cada impresi\u00f3n.<\/p>\n<p>Podr\u00e1s imprimir hasta 7700 hojas a color con trazos definidos brillantes, y llenos de nitidez.<br \/>\nCuenta con boquilla con identificador que evita errores al rellenar las tintas, ya que cada color se adapta a la entrada del tanque.<br \/>\nEs ideal para imprimir fotograf\u00edas o im\u00e1genes, ya que que permiten ser absorbidas por el papel sin derramarse.<br \/>\nSu botella pl\u00e1stica de 135 ml te permite rellenar f\u00e1cilmente los compartimientos de tu impresora manteniendo el rendimiento uniforme.<br \/>\nEs compatible con la Multifuncional Canon Pixma G2160 y G3160.<\/p>\n<p id=\"tw-target-text\" class=\"tw-data-text tw-text-large XcVN5d tw-ta\" dir=\"ltr\" data-placeholder=\"Traducci\u00f3n\">Adem\u00e1s, la nueva botella de tinta permite inyectar tinta simplemente insertando la botella, no es necesario empujar la botella hacia abajo.<br \/>\nLa inyecci\u00f3n se detiene autom\u00e1ticamente cuando el tanque est\u00e1 lleno.<br \/>\nLa forma y el color de las entradas del tanque var\u00edan seg\u00fan el color de la tinta para permitir que solo se ingresen los colores correctos.<br \/>\nLos colores de las tapas de los tanques coinciden con los colores de la tinta para evitar errores.<\/p>\n","protected":false},"excerpt":{"rendered":"<ul>\n<li>Marca:\u00a0Canon<\/li>\n<li>Modelo:\u00a0GI-11<\/li>\n<li>Rendimiento:\u00a0 \u00a0hasta\u00a06.000 p\u00e1ginas\u00a0seg\u00fan ISO\/IEC 24712. 7.600 p\u00e1ginas en modo borrador<\/li>\n<li>Volumen: varia de acuerdo al color<\/li>\n<li>Compatibilidad:\u00a0\u00a0PIXMA G2160 PIXMA G3160<\/li>\n<\/ul>\n","protected":false},"featured_media":2275,"comment_status":"open","ping_status":"closed","template":"","meta":[],"product_cat":[166,182,232],"product_tag":[],"class_list":{"0":"post-2274","1":"product","2":"type-product","3":"status-publish","4":"has-post-thumbnail","6":"product_cat-suministros","7":"product_cat-tintas","8":"product_cat-tintas-originales","10":"first","11":"instock","12":"taxable","13":"shipping-taxable","14":"purchasable","15":"product-type-simple"},"_links":{"self":[{"href":"https:\/\/tecnoglobalgt.com\/es\/wp-json\/wp\/v2\/product\/2274","targetHints":{"allow":["GET"]}}],"collection":[{"href":"https:\/\/tecnoglobalgt.com\/es\/wp-json\/wp\/v2\/product"}],"about":[{"href":"https:\/\/tecnoglobalgt.com\/es\/wp-json\/wp\/v2\/types\/product"}],"replies":[{"embeddable":true,"href":"https:\/\/tecnoglobalgt.com\/es\/wp-json\/wp\/v2\/comments?post=2274"}],"wp:featuredmedia":[{"embeddable":true,"href":"https:\/\/tecnoglobalgt.com\/es\/wp-json\/wp\/v2\/media\/2275"}],"wp:attachment":[{"href":"https:\/\/tecnoglobalgt.com\/es\/wp-json\/wp\/v2\/media?parent=2274"}],"wp:term":[{"taxonomy":"product_cat","embeddable":true,"href":"https:\/\/tecnoglobalgt.com\/es\/wp-json\/wp\/v2\/product_cat?post=2274"},{"taxonomy":"product_tag","embeddable":true,"href":"https:\/\/tecnoglobalgt.com\/es\/wp-json\/wp\/v2\/product_tag?post=2274"}],"curies":[{"name":"wp","href":"https:\/\/api.w.org\/{rel}","templated":true}]}}