{"id":2260,"date":"2022-08-15T16:49:05","date_gmt":"2022-08-15T16:49:05","guid":{"rendered":"https:\/\/tecnoglobalgt.com\/es\/?post_type=product&#038;p=2260"},"modified":"2024-08-13T18:59:27","modified_gmt":"2024-08-13T18:59:27","slug":"adaptador-etouch-union-hdmi-hembra-hembra-cod900500","status":"publish","type":"product","link":"https:\/\/tecnoglobalgt.com\/es\/product\/adaptador-etouch-union-hdmi-hembra-hembra-cod900500\/","title":{"rendered":"ADAPTADOR ETOUCH UNION HDMI HEMBRA\/HEMBRA COD900500"},"content":{"rendered":"<p>Si deseas extender tu cable HDMI actual, hazlo con esta uni\u00f3n de cable, f\u00e1cil y r\u00e1pido. SUGERIMOS No utilizarlo para LARGOS MUY EXTENSOS quiz\u00e1s la se\u00f1al no llegue apropiadamente.<\/p>\n","protected":false},"excerpt":{"rendered":"<p>Si deseas extender tu cable HDMI actual, hazlo con esta uni\u00f3n de cable, f\u00e1cil y r\u00e1pido. SUGERIMOS No utilizarlo para LARGOS MUY EXTENSOS quiz\u00e1s la se\u00f1al no llegue apropiadamente.<\/p>\n","protected":false},"featured_media":2261,"comment_status":"open","ping_status":"closed","template":"","meta":[],"product_cat":[90,121],"product_tag":[],"class_list":{"0":"post-2260","1":"product","2":"type-product","3":"status-publish","4":"has-post-thumbnail","6":"product_cat-accesorios","7":"product_cat-adaptadores","9":"first","10":"instock","11":"taxable","12":"shipping-taxable","13":"purchasable","14":"product-type-simple"},"_links":{"self":[{"href":"https:\/\/tecnoglobalgt.com\/es\/wp-json\/wp\/v2\/product\/2260","targetHints":{"allow":["GET"]}}],"collection":[{"href":"https:\/\/tecnoglobalgt.com\/es\/wp-json\/wp\/v2\/product"}],"about":[{"href":"https:\/\/tecnoglobalgt.com\/es\/wp-json\/wp\/v2\/types\/product"}],"replies":[{"embeddable":true,"href":"https:\/\/tecnoglobalgt.com\/es\/wp-json\/wp\/v2\/comments?post=2260"}],"wp:featuredmedia":[{"embeddable":true,"href":"https:\/\/tecnoglobalgt.com\/es\/wp-json\/wp\/v2\/media\/2261"}],"wp:attachment":[{"href":"https:\/\/tecnoglobalgt.com\/es\/wp-json\/wp\/v2\/media?parent=2260"}],"wp:term":[{"taxonomy":"product_cat","embeddable":true,"href":"https:\/\/tecnoglobalgt.com\/es\/wp-json\/wp\/v2\/product_cat?post=2260"},{"taxonomy":"product_tag","embeddable":true,"href":"https:\/\/tecnoglobalgt.com\/es\/wp-json\/wp\/v2\/product_tag?post=2260"}],"curies":[{"name":"wp","href":"https:\/\/api.w.org\/{rel}","templated":true}]}}