{"id":2218,"date":"2022-08-10T17:52:34","date_gmt":"2022-08-10T17:52:34","guid":{"rendered":"https:\/\/tecnoglobalgt.com\/es\/?post_type=product&#038;p=2218"},"modified":"2024-08-13T19:00:06","modified_gmt":"2024-08-13T19:00:06","slug":"cable-xtech-usb-macho-a-paralelo-xtc-318","status":"publish","type":"product","link":"https:\/\/tecnoglobalgt.com\/es\/product\/cable-xtech-usb-macho-a-paralelo-xtc-318\/","title":{"rendered":"CABLE XTECH USB MACHO A PARALELO XTC-318"},"content":{"rendered":"<ul>\n<li><strong>Tipo:<\/strong>\u00a0Cable convertidor de USB a paralelo para impresoras<\/li>\n<li><strong>Tipo de conector:\u00a0<\/strong>USB macho A a paralelo C36<\/li>\n<li><strong>Velocidades de transmisi\u00f3n:\u00a0<\/strong>Admite hasta 12Mbps<\/li>\n<li><strong>Calibre del cable:\u00a0<\/strong>30 AWG<\/li>\n<li><strong>Di\u00e1metro exterior:<\/strong>\u00a04mm<\/li>\n<li><strong>Material del conductor:\u00a0<\/strong>Cobre<\/li>\n<li><strong>Revestimiento:\u00a0<\/strong>PVC<\/li>\n<li><strong>Color:<\/strong>\u00a0Negro<\/li>\n<li><strong>Longitud:<\/strong>\u00a01,8m<\/li>\n<\/ul>\n","protected":false},"excerpt":{"rendered":"<h4 class=\"mt\"><strong>Descripci\u00f3n<\/strong><\/h4>\n<div class=\"panel entry-content\">\n<ul>\n<li>Conecta una impresora con puerto paralelo con un puerto USB en su computadora<\/li>\n<li>Configuraci\u00f3n autom\u00e1tica plug and play, no necesita fuente de alimentaci\u00f3n externa<\/li>\n<li>Revestimiento de PVC flexible para uso intensivo<\/li>\n<\/ul>\n<\/div>\n","protected":false},"featured_media":2221,"comment_status":"open","ping_status":"closed","template":"","meta":[],"product_cat":[90,121],"product_tag":[],"class_list":{"0":"post-2218","1":"product","2":"type-product","3":"status-publish","4":"has-post-thumbnail","6":"product_cat-accesorios","7":"product_cat-adaptadores","9":"first","10":"instock","11":"taxable","12":"shipping-taxable","13":"purchasable","14":"product-type-simple"},"_links":{"self":[{"href":"https:\/\/tecnoglobalgt.com\/es\/wp-json\/wp\/v2\/product\/2218","targetHints":{"allow":["GET"]}}],"collection":[{"href":"https:\/\/tecnoglobalgt.com\/es\/wp-json\/wp\/v2\/product"}],"about":[{"href":"https:\/\/tecnoglobalgt.com\/es\/wp-json\/wp\/v2\/types\/product"}],"replies":[{"embeddable":true,"href":"https:\/\/tecnoglobalgt.com\/es\/wp-json\/wp\/v2\/comments?post=2218"}],"wp:featuredmedia":[{"embeddable":true,"href":"https:\/\/tecnoglobalgt.com\/es\/wp-json\/wp\/v2\/media\/2221"}],"wp:attachment":[{"href":"https:\/\/tecnoglobalgt.com\/es\/wp-json\/wp\/v2\/media?parent=2218"}],"wp:term":[{"taxonomy":"product_cat","embeddable":true,"href":"https:\/\/tecnoglobalgt.com\/es\/wp-json\/wp\/v2\/product_cat?post=2218"},{"taxonomy":"product_tag","embeddable":true,"href":"https:\/\/tecnoglobalgt.com\/es\/wp-json\/wp\/v2\/product_tag?post=2218"}],"curies":[{"name":"wp","href":"https:\/\/api.w.org\/{rel}","templated":true}]}}