{"id":2206,"date":"2022-08-10T17:24:47","date_gmt":"2022-08-10T17:24:47","guid":{"rendered":"https:\/\/tecnoglobalgt.com\/es\/?post_type=product&#038;p=2206"},"modified":"2025-09-12T20:35:05","modified_gmt":"2025-09-12T20:35:05","slug":"adaptador-etouch-audio-microfono-a-un-solo-plug-3-5mm-cod375555","status":"publish","type":"product","link":"https:\/\/tecnoglobalgt.com\/es\/product\/adaptador-etouch-audio-microfono-a-un-solo-plug-3-5mm-cod375555\/","title":{"rendered":"ADAPTADOR ETOUCH AUDIO + MICROFONO A UN SOLO PLUG 3.5MM COD375555"},"content":{"rendered":"","protected":false},"excerpt":{"rendered":"<h1>ADAPTADOR DE AUDIO + MICROFONO A UN SOLO PLUG 3.5MM ETOUCH\u00ae<\/h1>\n<div class=\"product-short-description\">Si el actual aud\u00edfono con micr\u00f3fono dej\u00f3 de ser compatibles con tu smartphone o computadora de un solo plug 3.5mm, soluci\u00f3nalo f\u00e1cil y r\u00e1pido con este adaptador, sin complicadas instalaciones y sobre todo a bajo costo.<\/div>\n","protected":false},"featured_media":2207,"comment_status":"open","ping_status":"closed","template":"","meta":[],"product_cat":[90,167,121],"product_tag":[],"class_list":{"0":"post-2206","1":"product","2":"type-product","3":"status-publish","4":"has-post-thumbnail","6":"product_cat-accesorios","7":"product_cat-accesorios-para-celular","8":"product_cat-adaptadores","10":"first","11":"instock","12":"taxable","13":"shipping-taxable","14":"purchasable","15":"product-type-simple"},"_links":{"self":[{"href":"https:\/\/tecnoglobalgt.com\/es\/wp-json\/wp\/v2\/product\/2206","targetHints":{"allow":["GET"]}}],"collection":[{"href":"https:\/\/tecnoglobalgt.com\/es\/wp-json\/wp\/v2\/product"}],"about":[{"href":"https:\/\/tecnoglobalgt.com\/es\/wp-json\/wp\/v2\/types\/product"}],"replies":[{"embeddable":true,"href":"https:\/\/tecnoglobalgt.com\/es\/wp-json\/wp\/v2\/comments?post=2206"}],"wp:featuredmedia":[{"embeddable":true,"href":"https:\/\/tecnoglobalgt.com\/es\/wp-json\/wp\/v2\/media\/2207"}],"wp:attachment":[{"href":"https:\/\/tecnoglobalgt.com\/es\/wp-json\/wp\/v2\/media?parent=2206"}],"wp:term":[{"taxonomy":"product_cat","embeddable":true,"href":"https:\/\/tecnoglobalgt.com\/es\/wp-json\/wp\/v2\/product_cat?post=2206"},{"taxonomy":"product_tag","embeddable":true,"href":"https:\/\/tecnoglobalgt.com\/es\/wp-json\/wp\/v2\/product_tag?post=2206"}],"curies":[{"name":"wp","href":"https:\/\/api.w.org\/{rel}","templated":true}]}}