{"id":2203,"date":"2022-08-10T17:23:06","date_gmt":"2022-08-10T17:23:06","guid":{"rendered":"https:\/\/tecnoglobalgt.com\/es\/?post_type=product&#038;p=2203"},"modified":"2024-08-13T19:02:03","modified_gmt":"2024-08-13T19:02:03","slug":"adaptador-etouch-hdmi-a-rca-150410","status":"publish","type":"product","link":"https:\/\/tecnoglobalgt.com\/es\/product\/adaptador-etouch-hdmi-a-rca-150410\/","title":{"rendered":"ADAPTADOR ETOUCH HDMI A RCA 150410"},"content":{"rendered":"","protected":false},"excerpt":{"rendered":"<h1>ADAPTADOR HDMI A RCA ETOUCH\u00ae<\/h1>\n<div class=\"product-short-description\">Si deseas conectar la consola de juego PS3, PS4, XBOX360 o APPLE TV con puerto HDMI a la antigua TV an\u00e1loga RCA, puedes hacerlo f\u00e1cil y r\u00e1pido sin complicadas instalaciones. ES IMPORTANTE que leas el manual de usuario de la consola y determinar si requiere alguna configuraci\u00f3n de VIDEO si usas TV RCA.<br \/>\nEl adaptador incluye un cable peque\u00f1o de alimentaci\u00f3n de energ\u00eda v\u00eda puerto USB,<br \/>\nIMPORTANTE no alimentar de energ\u00eda del puerto de la consola, utiliza energ\u00eda directa del toma corrientes con un cubo de celular (no inclu\u00eddo) para \u00f3ptimos resultados.<\/div>\n","protected":false},"featured_media":2204,"comment_status":"open","ping_status":"closed","template":"","meta":[],"product_brand":[],"product_cat":[90,121],"product_tag":[],"class_list":{"0":"post-2203","1":"product","2":"type-product","3":"status-publish","4":"has-post-thumbnail","6":"product_cat-accesorios","7":"product_cat-adaptadores","9":"first","10":"outofstock","11":"taxable","12":"shipping-taxable","13":"purchasable","14":"product-type-simple"},"_links":{"self":[{"href":"https:\/\/tecnoglobalgt.com\/es\/wp-json\/wp\/v2\/product\/2203","targetHints":{"allow":["GET"]}}],"collection":[{"href":"https:\/\/tecnoglobalgt.com\/es\/wp-json\/wp\/v2\/product"}],"about":[{"href":"https:\/\/tecnoglobalgt.com\/es\/wp-json\/wp\/v2\/types\/product"}],"replies":[{"embeddable":true,"href":"https:\/\/tecnoglobalgt.com\/es\/wp-json\/wp\/v2\/comments?post=2203"}],"wp:featuredmedia":[{"embeddable":true,"href":"https:\/\/tecnoglobalgt.com\/es\/wp-json\/wp\/v2\/media\/2204"}],"wp:attachment":[{"href":"https:\/\/tecnoglobalgt.com\/es\/wp-json\/wp\/v2\/media?parent=2203"}],"wp:term":[{"taxonomy":"product_brand","embeddable":true,"href":"https:\/\/tecnoglobalgt.com\/es\/wp-json\/wp\/v2\/product_brand?post=2203"},{"taxonomy":"product_cat","embeddable":true,"href":"https:\/\/tecnoglobalgt.com\/es\/wp-json\/wp\/v2\/product_cat?post=2203"},{"taxonomy":"product_tag","embeddable":true,"href":"https:\/\/tecnoglobalgt.com\/es\/wp-json\/wp\/v2\/product_tag?post=2203"}],"curies":[{"name":"wp","href":"https:\/\/api.w.org\/{rel}","templated":true}]}}