{"id":2184,"date":"2022-08-10T00:01:48","date_gmt":"2022-08-10T00:01:48","guid":{"rendered":"https:\/\/tecnoglobalgt.com\/es\/?post_type=product&#038;p=2184"},"modified":"2022-08-10T00:01:48","modified_gmt":"2022-08-10T00:01:48","slug":"adaptador-radioshack-usb-macho-hembra-3-0-2605049","status":"publish","type":"product","link":"https:\/\/tecnoglobalgt.com\/es\/product\/adaptador-radioshack-usb-macho-hembra-3-0-2605049\/","title":{"rendered":"ADAPTADOR RADIOSHACK USB MACHO &#8211; HEMBRA 3.0 2605049"},"content":{"rendered":"<table id=\"product-attribute-specs-table\" class=\"data table additional-attributes\" style=\"height: 309px;\" width=\"533\">\n<tbody>\n<tr>\n<th class=\"col label\" scope=\"row\">Modelo<\/th>\n<td class=\"col data\" data-th=\"Modelo\">2605049<\/td>\n<\/tr>\n<tr>\n<th class=\"col label\" scope=\"row\">Tipo de adaptador<\/th>\n<td class=\"col data\" data-th=\"Tipo de adaptador\">Computo<\/td>\n<\/tr>\n<tr>\n<th class=\"col label\" scope=\"row\">Conector 1<\/th>\n<td class=\"col data\" data-th=\"Conector 1\">USB<\/td>\n<\/tr>\n<tr>\n<th class=\"col label\" scope=\"row\">Conector 2<\/th>\n<td class=\"col data\" data-th=\"Conector 2\">USB<\/td>\n<\/tr>\n<tr>\n<th class=\"col label\" scope=\"row\">Genero de terminal<\/th>\n<td class=\"col data\" data-th=\"Genero de terminal\">M-F<\/td>\n<\/tr>\n<tr>\n<th class=\"col label\" scope=\"row\">Largo de cable<\/th>\n<td class=\"col data\" data-th=\"Largo de cable\">N\/A<\/td>\n<\/tr>\n<tr>\n<th class=\"col label\" scope=\"row\">Color<\/th>\n<td class=\"col data\" data-th=\"Color\">Negro<\/td>\n<\/tr>\n<tr>\n<th class=\"col label\" scope=\"row\">Certificaci\u00f3n<\/th>\n<td class=\"col data\" data-th=\"Certificaci\u00f3n \">&#8211;<\/td>\n<\/tr>\n<tr>\n<th class=\"col label\" scope=\"row\">Resoluci\u00f3n m\u00e1xima<\/th>\n<td class=\"col data\" data-th=\"Resoluci\u00f3n m\u00e1xima \">720p<\/td>\n<\/tr>\n<tr>\n<th class=\"col label\" scope=\"row\">Plug<\/th>\n<td class=\"col data\" data-th=\"Plug\">Recubierto de n\u00edquel<\/td>\n<\/tr>\n<tr>\n<th class=\"col label\" scope=\"row\">Soporta audio<\/th>\n<td class=\"col data\" data-th=\"Soporta audio\">No<\/td>\n<\/tr>\n<tr>\n<th class=\"col label\" scope=\"row\"><\/th>\n<td class=\"col data\" data-th=\"C\u00f3digo internacional\"><\/td>\n<\/tr>\n<tr>\n<th class=\"col label\" scope=\"row\">C\u00f3digo fabricante<\/th>\n<td class=\"col data\" data-th=\"C\u00f3digo fabricante\">2605049<\/td>\n<\/tr>\n<\/tbody>\n<\/table>\n","protected":false},"excerpt":{"rendered":"<p><strong>Caracter\u00edsticas Principales:<\/strong><\/p>\n<p>Ahora realizar conexiones entre dispositivos con puertos USB de dif\u00edcil acceso ser\u00e1 m\u00e1s f\u00e1cil USB gracias al adaptador USB 3.0 RadioShack modelo 2605049.<\/p>\n<p>Un sencillo pero incre\u00edblemente \u00fatil accesorio que va de USB macho a USB hembra en un angulo de 90\u00b0 con terminales recubiertos de n\u00edquel para realizar conexiones entre dispositivos de manera c\u00f3moda y evitando que estos se da\u00f1en.<\/p>\n","protected":false},"featured_media":2185,"comment_status":"open","ping_status":"closed","template":"","meta":[],"product_cat":[90,121],"product_tag":[],"class_list":{"0":"post-2184","1":"product","2":"type-product","3":"status-publish","4":"has-post-thumbnail","6":"product_cat-accesorios","7":"product_cat-adaptadores","9":"first","10":"instock","11":"taxable","12":"shipping-taxable","13":"purchasable","14":"product-type-simple"},"_links":{"self":[{"href":"https:\/\/tecnoglobalgt.com\/es\/wp-json\/wp\/v2\/product\/2184","targetHints":{"allow":["GET"]}}],"collection":[{"href":"https:\/\/tecnoglobalgt.com\/es\/wp-json\/wp\/v2\/product"}],"about":[{"href":"https:\/\/tecnoglobalgt.com\/es\/wp-json\/wp\/v2\/types\/product"}],"replies":[{"embeddable":true,"href":"https:\/\/tecnoglobalgt.com\/es\/wp-json\/wp\/v2\/comments?post=2184"}],"wp:featuredmedia":[{"embeddable":true,"href":"https:\/\/tecnoglobalgt.com\/es\/wp-json\/wp\/v2\/media\/2185"}],"wp:attachment":[{"href":"https:\/\/tecnoglobalgt.com\/es\/wp-json\/wp\/v2\/media?parent=2184"}],"wp:term":[{"taxonomy":"product_cat","embeddable":true,"href":"https:\/\/tecnoglobalgt.com\/es\/wp-json\/wp\/v2\/product_cat?post=2184"},{"taxonomy":"product_tag","embeddable":true,"href":"https:\/\/tecnoglobalgt.com\/es\/wp-json\/wp\/v2\/product_tag?post=2184"}],"curies":[{"name":"wp","href":"https:\/\/api.w.org\/{rel}","templated":true}]}}