{"id":2162,"date":"2022-07-29T00:25:33","date_gmt":"2022-07-29T00:25:33","guid":{"rendered":"https:\/\/tecnoglobalgt.com\/es\/?post_type=product&#038;p=2162"},"modified":"2023-01-26T16:17:52","modified_gmt":"2023-01-26T16:17:52","slug":"memoria-usb-kingston-128gb-data-traveler-exodia-m-dtxm-128gb","status":"publish","type":"product","link":"https:\/\/tecnoglobalgt.com\/es\/product\/memoria-usb-kingston-128gb-data-traveler-exodia-m-dtxm-128gb\/","title":{"rendered":"MEMORIA USB KINGSTON 128GB DATA TRAVELER EXODIA M DTXM\/128GB"},"content":{"rendered":"<table>\n<tbody>\n<tr>\n<td>Capacidades<\/td>\n<td>128 GB<\/td>\n<\/tr>\n<tr>\n<td>Velocidad<\/td>\n<td>Compatible con USB 3.2 Gen 1<\/td>\n<\/tr>\n<tr>\n<td>Dimensiones<\/td>\n<td>67,4 mm x 21,8 mm x 11,6 mm<\/td>\n<\/tr>\n<tr>\n<td>Peso<\/td>\n<td>10 g<\/td>\n<\/tr>\n<tr>\n<td>Temperatura de funcionamiento<\/td>\n<td>0 \u00b0C ~ 60 \u00b0C<\/td>\n<\/tr>\n<tr>\n<td>Temperatura de almacenamiento<\/td>\n<td>-20 \u00b0C ~ 85 \u00b0C<\/td>\n<\/tr>\n<tr>\n<td>Garant\u00eda<\/td>\n<td>1 a\u00f1o<\/td>\n<\/tr>\n<tr>\n<td>Compatible con<\/td>\n<td>Windows\u00ae 11, 10, 8.1, macOS (v.10.14.x +), Linux (v. 2.6.x +), Chrome OS\u2122<\/td>\n<\/tr>\n<\/tbody>\n<\/table>\n","protected":false},"excerpt":{"rendered":"<p>DataTraveler\u00ae Exodia\u2122 M de Kingston alcanza un rendimiento de grado USB 3.2 Gen 1, que facilita el acceso a port\u00e1tiles, equipos de sobremesa, monitores y otros dispositivos digitales. DT Exodia M permite r\u00e1pidas transferencias y facilita el almacenamiento de documentos, m\u00fasica, v\u00eddeo y mucho m\u00e1s. Est\u00e1 disponible en diversas opciones de elegantes colores, que se corresponden con capacidades de hasta 256 GB<sup class=\"footnote-sub\" data-original=\"{{Footnote.N37130}}\">1<\/sup>. Su pr\u00e1ctico dise\u00f1o la convierte en una soluci\u00f3n de almacenamiento ideal tanto en el trabajo como en el aula o en el hogar. Las unidades DT Exodia M est\u00e1n respaldadas por una garant\u00eda de cinco a\u00f1os, soporte t\u00e9cnico gratuito y la legendaria fiabilidad de Kingston\u00ae.<\/p>\n","protected":false},"featured_media":2165,"comment_status":"open","ping_status":"closed","template":"","meta":[],"product_cat":[197,196],"product_tag":[],"class_list":{"0":"post-2162","1":"product","2":"type-product","3":"status-publish","4":"has-post-thumbnail","6":"product_cat-memoria","7":"product_cat-memorias-usb","9":"first","10":"instock","11":"taxable","12":"shipping-taxable","13":"purchasable","14":"product-type-simple"},"_links":{"self":[{"href":"https:\/\/tecnoglobalgt.com\/es\/wp-json\/wp\/v2\/product\/2162","targetHints":{"allow":["GET"]}}],"collection":[{"href":"https:\/\/tecnoglobalgt.com\/es\/wp-json\/wp\/v2\/product"}],"about":[{"href":"https:\/\/tecnoglobalgt.com\/es\/wp-json\/wp\/v2\/types\/product"}],"replies":[{"embeddable":true,"href":"https:\/\/tecnoglobalgt.com\/es\/wp-json\/wp\/v2\/comments?post=2162"}],"wp:featuredmedia":[{"embeddable":true,"href":"https:\/\/tecnoglobalgt.com\/es\/wp-json\/wp\/v2\/media\/2165"}],"wp:attachment":[{"href":"https:\/\/tecnoglobalgt.com\/es\/wp-json\/wp\/v2\/media?parent=2162"}],"wp:term":[{"taxonomy":"product_cat","embeddable":true,"href":"https:\/\/tecnoglobalgt.com\/es\/wp-json\/wp\/v2\/product_cat?post=2162"},{"taxonomy":"product_tag","embeddable":true,"href":"https:\/\/tecnoglobalgt.com\/es\/wp-json\/wp\/v2\/product_tag?post=2162"}],"curies":[{"name":"wp","href":"https:\/\/api.w.org\/{rel}","templated":true}]}}