{"id":2138,"date":"2022-07-26T23:04:02","date_gmt":"2022-07-26T23:04:02","guid":{"rendered":"https:\/\/tecnoglobalgt.com\/es\/?post_type=product&#038;p=2138"},"modified":"2025-09-24T04:10:14","modified_gmt":"2025-09-24T04:10:14","slug":"botella-de-tinta-nkt-generica-350ml-para-544-504-magenta","status":"publish","type":"product","link":"https:\/\/tecnoglobalgt.com\/es\/product\/botella-de-tinta-nkt-generica-350ml-para-544-504-magenta\/","title":{"rendered":"BOTELLA DE TINTA NKT GENERICA 350ML PARA 544-504 MAGENTA"},"content":{"rendered":"<p>Tintas especialmente para personalizar mediante la t\u00e9cnica de sublimaci\u00f3n. Reproducen colores intensos, contornos n\u00edtidos y suaves gradaciones. Ideales para impresoras de peque\u00f1o formato. M\u00e1xima durabilidad de los estampados por sublimaci\u00f3n debido a su resistencia a la luz, el lavado y la sudoraci\u00f3n.<\/p>\n<p><strong>Compatibilidad:<\/strong><\/p>\n<p>Epson EcoTank L1110\/ L3110\/ L3150\/ L4150 Epson EcoTank L4150\/ L4160\/ L6160\/ L6170 Epson EcoTank L6190\/ L6161\/ L6171\/ L6191 Epson EcoTank ET-2700\/ ET-2750\/ ET-3700 Epson EcoTank ET-2700\/ ET-3750\/ ET-4750\/ Etc<\/p>\n","protected":false},"excerpt":{"rendered":"<p>Tintas especialmente para personalizar mediante la t\u00e9cnica de sublimaci\u00f3n. Reproducen colores intensos, contornos n\u00edtidos y suaves gradaciones. Ideales para impresoras de peque\u00f1o formato. M\u00e1xima durabilidad de los estampados por sublimaci\u00f3n debido a su resistencia a la luz, el lavado y la sudoraci\u00f3n. Compatibilidad: Epson EcoTank L1110\/ L3110\/ L3150\/ L4150 Epson EcoTank L4150\/ L4160\/ L6160\/ L6170 [&#8230;]\n","protected":false},"featured_media":2139,"comment_status":"open","ping_status":"closed","template":"","meta":[],"product_cat":[166,182,233],"product_tag":[],"class_list":{"0":"post-2138","1":"product","2":"type-product","3":"status-publish","4":"has-post-thumbnail","6":"product_cat-suministros","7":"product_cat-tintas","8":"product_cat-tintas-genericas","10":"first","11":"instock","12":"taxable","13":"shipping-taxable","14":"purchasable","15":"product-type-simple"},"_links":{"self":[{"href":"https:\/\/tecnoglobalgt.com\/es\/wp-json\/wp\/v2\/product\/2138","targetHints":{"allow":["GET"]}}],"collection":[{"href":"https:\/\/tecnoglobalgt.com\/es\/wp-json\/wp\/v2\/product"}],"about":[{"href":"https:\/\/tecnoglobalgt.com\/es\/wp-json\/wp\/v2\/types\/product"}],"replies":[{"embeddable":true,"href":"https:\/\/tecnoglobalgt.com\/es\/wp-json\/wp\/v2\/comments?post=2138"}],"wp:featuredmedia":[{"embeddable":true,"href":"https:\/\/tecnoglobalgt.com\/es\/wp-json\/wp\/v2\/media\/2139"}],"wp:attachment":[{"href":"https:\/\/tecnoglobalgt.com\/es\/wp-json\/wp\/v2\/media?parent=2138"}],"wp:term":[{"taxonomy":"product_cat","embeddable":true,"href":"https:\/\/tecnoglobalgt.com\/es\/wp-json\/wp\/v2\/product_cat?post=2138"},{"taxonomy":"product_tag","embeddable":true,"href":"https:\/\/tecnoglobalgt.com\/es\/wp-json\/wp\/v2\/product_tag?post=2138"}],"curies":[{"name":"wp","href":"https:\/\/api.w.org\/{rel}","templated":true}]}}