{"id":2127,"date":"2022-07-26T22:37:46","date_gmt":"2022-07-26T22:37:46","guid":{"rendered":"https:\/\/tecnoglobalgt.com\/es\/?post_type=product&#038;p=2127"},"modified":"2022-08-25T23:34:20","modified_gmt":"2022-08-25T23:34:20","slug":"antivirus-eset-nod-32-1-pc-1-ano","status":"publish","type":"product","link":"https:\/\/tecnoglobalgt.com\/es\/product\/antivirus-eset-nod-32-1-pc-1-ano\/","title":{"rendered":"ANTIVIRUS ESET NOD 32 1 PC \/ 1 A\u00d1O"},"content":{"rendered":"<p><strong>Especificaciones:<\/strong><\/p>\n<ul>\n<li>Potente protecci\u00f3n antimalware<\/li>\n<li>Prevenci\u00f3n de sitios web falsos<\/li>\n<li>Modo Gamer<\/li>\n<li>M\u00ednimo impacto en el sistema<\/li>\n<li>Windows, Mac y Linux<\/li>\n<\/ul>\n","protected":false},"excerpt":{"rendered":"<p>Especificaciones: Potente protecci\u00f3n antimalware Prevenci\u00f3n de sitios web falsos Modo Gamer M\u00ednimo impacto en el sistema Windows, Mac y Linux<\/p>\n","protected":false},"featured_media":2128,"comment_status":"open","ping_status":"closed","template":"","meta":[],"product_brand":[],"product_cat":[231,92],"product_tag":[],"class_list":{"0":"post-2127","1":"product","2":"type-product","3":"status-publish","4":"has-post-thumbnail","6":"product_cat-antivirus","7":"product_cat-software","9":"first","10":"instock","11":"taxable","12":"shipping-taxable","13":"purchasable","14":"product-type-simple"},"_links":{"self":[{"href":"https:\/\/tecnoglobalgt.com\/es\/wp-json\/wp\/v2\/product\/2127","targetHints":{"allow":["GET"]}}],"collection":[{"href":"https:\/\/tecnoglobalgt.com\/es\/wp-json\/wp\/v2\/product"}],"about":[{"href":"https:\/\/tecnoglobalgt.com\/es\/wp-json\/wp\/v2\/types\/product"}],"replies":[{"embeddable":true,"href":"https:\/\/tecnoglobalgt.com\/es\/wp-json\/wp\/v2\/comments?post=2127"}],"wp:featuredmedia":[{"embeddable":true,"href":"https:\/\/tecnoglobalgt.com\/es\/wp-json\/wp\/v2\/media\/2128"}],"wp:attachment":[{"href":"https:\/\/tecnoglobalgt.com\/es\/wp-json\/wp\/v2\/media?parent=2127"}],"wp:term":[{"taxonomy":"product_brand","embeddable":true,"href":"https:\/\/tecnoglobalgt.com\/es\/wp-json\/wp\/v2\/product_brand?post=2127"},{"taxonomy":"product_cat","embeddable":true,"href":"https:\/\/tecnoglobalgt.com\/es\/wp-json\/wp\/v2\/product_cat?post=2127"},{"taxonomy":"product_tag","embeddable":true,"href":"https:\/\/tecnoglobalgt.com\/es\/wp-json\/wp\/v2\/product_tag?post=2127"}],"curies":[{"name":"wp","href":"https:\/\/api.w.org\/{rel}","templated":true}]}}