{"id":2060,"date":"2022-07-20T19:32:50","date_gmt":"2022-07-20T19:32:50","guid":{"rendered":"https:\/\/tecnoglobalgt.com\/es\/?post_type=product&#038;p=2060"},"modified":"2025-09-19T23:39:54","modified_gmt":"2025-09-19T23:39:54","slug":"audifonos-jbl-true-wireless-earbuds-endurance-race-color-negro","status":"publish","type":"product","link":"https:\/\/tecnoglobalgt.com\/es\/product\/audifonos-jbl-true-wireless-earbuds-endurance-race-color-negro\/","title":{"rendered":"AUDIFONOS JBL TRUE WIRELESS EARBUDS ENDURANCE RACE COLOR NEGRO OPEN BOX"},"content":{"rendered":"<ul>\n<li>Resistente al agua y al polvo IP67 El resistente dise\u00f1o resistente al polvo y al agua con certificaci\u00f3n IP67 de los auriculares JBL Endurance Race TWS te da la libertad de mantenerte activo y con energ\u00eda desde la playa hasta la sala de juntas. Completamente herm\u00e9ticos al polvo, pueden soportar la inmersi\u00f3n en agua hasta 1 m.<\/li>\n<li>Ambient Aware lo mantiene alerta a su entorno donde sea que lo lleve la m\u00fasica. Y cuando sea el momento de conversar, simplemente active TalkThru para iniciar conversaciones sin tener que quitarse los auriculares.<\/li>\n<li>Haz llamadas est\u00e9reo perfectas con la tecnolog\u00eda de micr\u00f3fonos duales de formaci\u00f3n de haces. O acceda a su asistente de voz preferido directamente desde sus auriculares con controles t\u00e1ctiles que mantienen el mundo al alcance de su mano.<\/li>\n<li>Personaliza tu experiencia auditiva. La aplicaci\u00f3n dedicada le permite optimizar la configuraci\u00f3n, elegir su asistente de voz, ajustar los niveles de ecualizaci\u00f3n y m\u00e1s, para que siempre pueda escuchar su m\u00fasica a su manera.<\/li>\n<\/ul>\n","protected":false},"excerpt":{"rendered":"<ul class=\"refurbished-detailsIcon\" data-gtm-vis-has-fired-7462654_622=\"1\" data-gtm-vis-has-fired-7462654_636=\"1\" data-gtm-vis-has-fired-7462654_621=\"1\">\n<li data-gtm-vis-has-fired-7462654_622=\"1\" data-gtm-vis-has-fired-7462654_636=\"1\" data-gtm-vis-has-fired-7462654_621=\"1\">Sonido JBL Pure Bass<\/li>\n<li data-gtm-vis-has-fired-7462654_622=\"1\" data-gtm-vis-has-fired-7462654_636=\"1\" data-gtm-vis-has-fired-7462654_621=\"1\">Hasta 30 horas de bater\u00eda<\/li>\n<li data-gtm-vis-has-fired-7462654_622=\"1\" data-gtm-vis-has-fired-7462654_636=\"1\" data-gtm-vis-has-fired-7462654_621=\"1\">El dise\u00f1o de aler\u00f3n y Twistlock\u2122 se adapta a tu estilo de vida activo<\/li>\n<\/ul>\n","protected":false},"featured_media":2061,"comment_status":"open","ping_status":"closed","template":"","meta":[],"product_cat":[127,189],"product_tag":[],"class_list":{"0":"post-2060","1":"product","2":"type-product","3":"status-publish","4":"has-post-thumbnail","6":"product_cat-audio","7":"product_cat-auriculares-audio","9":"first","10":"instock","11":"taxable","12":"shipping-taxable","13":"purchasable","14":"product-type-simple"},"_links":{"self":[{"href":"https:\/\/tecnoglobalgt.com\/es\/wp-json\/wp\/v2\/product\/2060","targetHints":{"allow":["GET"]}}],"collection":[{"href":"https:\/\/tecnoglobalgt.com\/es\/wp-json\/wp\/v2\/product"}],"about":[{"href":"https:\/\/tecnoglobalgt.com\/es\/wp-json\/wp\/v2\/types\/product"}],"replies":[{"embeddable":true,"href":"https:\/\/tecnoglobalgt.com\/es\/wp-json\/wp\/v2\/comments?post=2060"}],"wp:featuredmedia":[{"embeddable":true,"href":"https:\/\/tecnoglobalgt.com\/es\/wp-json\/wp\/v2\/media\/2061"}],"wp:attachment":[{"href":"https:\/\/tecnoglobalgt.com\/es\/wp-json\/wp\/v2\/media?parent=2060"}],"wp:term":[{"taxonomy":"product_cat","embeddable":true,"href":"https:\/\/tecnoglobalgt.com\/es\/wp-json\/wp\/v2\/product_cat?post=2060"},{"taxonomy":"product_tag","embeddable":true,"href":"https:\/\/tecnoglobalgt.com\/es\/wp-json\/wp\/v2\/product_tag?post=2060"}],"curies":[{"name":"wp","href":"https:\/\/api.w.org\/{rel}","templated":true}]}}