{"id":1861,"date":"2022-05-26T22:51:35","date_gmt":"2022-05-26T22:51:35","guid":{"rendered":"https:\/\/tecnoglobalgt.com\/es\/?post_type=product&#038;p=1861"},"modified":"2025-09-13T18:38:47","modified_gmt":"2025-09-13T18:38:47","slug":"cartucho-hp-667-tricolor","status":"publish","type":"product","link":"https:\/\/tecnoglobalgt.com\/es\/product\/cartucho-hp-667-tricolor\/","title":{"rendered":"CARTUCHO HP 667 TRICOLOR"},"content":{"rendered":"<ul>\n<li><strong>Sku <\/strong>3YM79AL<\/li>\n<li><strong>Rendimiento <\/strong>120<\/li>\n<li><strong>Rendimiento De La P\u00e1gina (Blanco Y Negro) <\/strong>120 p\u00e1ginas<\/li>\n<li><strong>Gota De Tinta<\/strong>17,9\u00a0pl<\/li>\n<li><strong>Inyectores Del Cabezal De Impresi\u00f3n <\/strong>328<\/li>\n<li><strong>Banda Del Cabezal De Impresi\u00f3n (Pulgadas) <\/strong>0,56 pulgadas<\/li>\n<li><strong>Peso Vac\u00edo <\/strong>23,4\u00a0g +\/- 1\u00a0g<\/li>\n<li><strong>Volumen De Cartucho De Impresi\u00f3n Proporcionado <\/strong>2 ml<\/li>\n<li><strong>Color(Es) De Consumibles De Impresi\u00f3n <\/strong>Negro<\/li>\n<li><strong>Tipos De Tinta <\/strong>Con base de pigmento<\/li>\n<li><strong>Subgrupo De Producto <\/strong>Cartuchos de tinta de capacidad est\u00e1ndar<\/li>\n<li><strong>Compatibilidad Con Hardware I<\/strong>mpresoras de las series HP Deskjet Plus Ink Advantage 6000, HP DeskJet Plus Ink Advantage 6400 y HP Deskjet Ink Advantage 1200 e impresoras Todo-en-Uno HP Deskjet Ink Advantage 2300, HP Deskjet Ink Advantage 2700 y HP DeskJet Ink Advantage 4100<\/li>\n<\/ul>\n<p>&nbsp;<\/p>\n","protected":false},"excerpt":{"rendered":"<p>Sku 3YM79AL Rendimiento 120 Rendimiento De La P\u00e1gina (Blanco Y Negro) 120 p\u00e1ginas Gota De Tinta17,9\u00a0pl Inyectores Del Cabezal De Impresi\u00f3n 328 Banda Del Cabezal De Impresi\u00f3n (Pulgadas) 0,56 pulgadas Peso Vac\u00edo 23,4\u00a0g +\/- 1\u00a0g Volumen De Cartucho De Impresi\u00f3n Proporcionado 2 ml Color(Es) De Consumibles De Impresi\u00f3n Negro Tipos De Tinta Con base de [&#8230;]\n","protected":false},"featured_media":2177,"comment_status":"open","ping_status":"closed","template":"","meta":[],"product_cat":[195,166],"product_tag":[218],"class_list":{"0":"post-1861","1":"product","2":"type-product","3":"status-publish","4":"has-post-thumbnail","6":"product_cat-cartuchos","7":"product_cat-suministros","8":"product_tag-cartuchos","10":"first","11":"instock","12":"taxable","13":"shipping-taxable","14":"purchasable","15":"product-type-simple"},"_links":{"self":[{"href":"https:\/\/tecnoglobalgt.com\/es\/wp-json\/wp\/v2\/product\/1861","targetHints":{"allow":["GET"]}}],"collection":[{"href":"https:\/\/tecnoglobalgt.com\/es\/wp-json\/wp\/v2\/product"}],"about":[{"href":"https:\/\/tecnoglobalgt.com\/es\/wp-json\/wp\/v2\/types\/product"}],"replies":[{"embeddable":true,"href":"https:\/\/tecnoglobalgt.com\/es\/wp-json\/wp\/v2\/comments?post=1861"}],"wp:featuredmedia":[{"embeddable":true,"href":"https:\/\/tecnoglobalgt.com\/es\/wp-json\/wp\/v2\/media\/2177"}],"wp:attachment":[{"href":"https:\/\/tecnoglobalgt.com\/es\/wp-json\/wp\/v2\/media?parent=1861"}],"wp:term":[{"taxonomy":"product_cat","embeddable":true,"href":"https:\/\/tecnoglobalgt.com\/es\/wp-json\/wp\/v2\/product_cat?post=1861"},{"taxonomy":"product_tag","embeddable":true,"href":"https:\/\/tecnoglobalgt.com\/es\/wp-json\/wp\/v2\/product_tag?post=1861"}],"curies":[{"name":"wp","href":"https:\/\/api.w.org\/{rel}","templated":true}]}}