{"id":1799,"date":"2022-05-19T22:06:53","date_gmt":"2022-05-19T22:06:53","guid":{"rendered":"https:\/\/tecnoglobalgt.com\/es\/?post_type=product&#038;p=1799"},"modified":"2022-08-09T18:17:47","modified_gmt":"2022-08-09T18:17:47","slug":"cable-hdmi-etouch-15-metros-50ft-cod503050","status":"publish","type":"product","link":"https:\/\/tecnoglobalgt.com\/es\/product\/cable-hdmi-etouch-15-metros-50ft-cod503050\/","title":{"rendered":"CABLE HDMI ETOUCH 15 METROS \/ 50FT COD503050"},"content":{"rendered":"<p>1. Cable HDMI de alta definici\u00f3n 1080p Version 1.4<br \/>\n2. Soporte Ethernet y 3D<br \/>\n3. Compatible con consolas PlayStation 3<br \/>\n4. Cable blindado de excelente calidad y duraci\u00f3n<br \/>\n5. Transmisi\u00f3n ancho de banda 10.2Gbits<br \/>\n6. Resoluci\u00f3n max 4k \/ 30ghz o 4k \/ 60ghz 4:2:0<br \/>\n7. No compatible con HDR<br \/>\n8. HDCP 1.4<\/p>\n","protected":false},"excerpt":{"rendered":"<p>1. Cable HDMI de alta definici\u00f3n 1080p Version 1.4 2. Soporte Ethernet y 3D 3. Compatible con consolas PlayStation 3 4. Cable blindado de excelente calidad y duraci\u00f3n 5. Transmisi\u00f3n ancho de banda 10.2Gbits 6. Resoluci\u00f3n max 4k \/ 30ghz o 4k \/ 60ghz 4:2:0 7. No compatible con HDR 8. HDCP 1.4<\/p>\n","protected":false},"featured_media":1801,"comment_status":"open","ping_status":"closed","template":"","meta":[],"product_cat":[90,168],"product_tag":[],"class_list":{"0":"post-1799","1":"product","2":"type-product","3":"status-publish","4":"has-post-thumbnail","6":"product_cat-accesorios","7":"product_cat-cables","9":"first","10":"instock","11":"taxable","12":"shipping-taxable","13":"purchasable","14":"product-type-simple"},"_links":{"self":[{"href":"https:\/\/tecnoglobalgt.com\/es\/wp-json\/wp\/v2\/product\/1799","targetHints":{"allow":["GET"]}}],"collection":[{"href":"https:\/\/tecnoglobalgt.com\/es\/wp-json\/wp\/v2\/product"}],"about":[{"href":"https:\/\/tecnoglobalgt.com\/es\/wp-json\/wp\/v2\/types\/product"}],"replies":[{"embeddable":true,"href":"https:\/\/tecnoglobalgt.com\/es\/wp-json\/wp\/v2\/comments?post=1799"}],"wp:featuredmedia":[{"embeddable":true,"href":"https:\/\/tecnoglobalgt.com\/es\/wp-json\/wp\/v2\/media\/1801"}],"wp:attachment":[{"href":"https:\/\/tecnoglobalgt.com\/es\/wp-json\/wp\/v2\/media?parent=1799"}],"wp:term":[{"taxonomy":"product_cat","embeddable":true,"href":"https:\/\/tecnoglobalgt.com\/es\/wp-json\/wp\/v2\/product_cat?post=1799"},{"taxonomy":"product_tag","embeddable":true,"href":"https:\/\/tecnoglobalgt.com\/es\/wp-json\/wp\/v2\/product_tag?post=1799"}],"curies":[{"name":"wp","href":"https:\/\/api.w.org\/{rel}","templated":true}]}}