{"id":1773,"date":"2022-05-18T23:39:29","date_gmt":"2022-05-18T23:39:29","guid":{"rendered":"https:\/\/tecnoglobalgt.com\/es\/?post_type=product&#038;p=1773"},"modified":"2022-05-18T23:39:29","modified_gmt":"2022-05-18T23:39:29","slug":"cable-xtech-hdmi-xtc-620-duo-pack-4k-3mt-10ft","status":"publish","type":"product","link":"https:\/\/tecnoglobalgt.com\/es\/product\/cable-xtech-hdmi-xtc-620-duo-pack-4k-3mt-10ft\/","title":{"rendered":"CABLE XTECH HDMI XTC-620 DUO PACK 4K 3MT\/10FT"},"content":{"rendered":"<h3>Caracter\u00edsticas<\/h3>\n<ul>\n<li>Pr\u00e1ctico dise\u00f1o plano se dobla con facilidad, ideal para espacios reducidos y en instalaciones con cables ocultos<\/li>\n<li>Funciona con la \u00faltima generaci\u00f3n de reproductores de video, proyectores, consolas de juegos de alta definici\u00f3n y con pantallas LED, LCD, de plasma y 3D<\/li>\n<li>La l\u00e1mina de aluminio maximiza la intensidad de la se\u00f1al, al mismo tiempo que ofrece una protecci\u00f3n efectiva contra el ruido y las interferencias<\/li>\n<li>Admite las funciones HDMI m\u00e1s recientes, que incluye una resoluci\u00f3n 4K ultraalta a 50\/60Hz (2160p), Canal de retorno de audio (ARC), doble flujo de video y un espectro crom\u00e1tico ampliado<\/li>\n<li>Admite formatos 3D y Ethernet en dispositivos compatibles<\/li>\n<li>Contactos enchapados en oro de 24k, conductores de cobre sin ox\u00edgeno (OFC) de alta pureza y blindaje doble garantizan una calidad excepcional de las se\u00f1ales de audio y video<\/li>\n<li>Disponible en paquetes de 1 y 2 unidades, de 3m de longitud<\/li>\n<\/ul>\n","protected":false},"excerpt":{"rendered":"<h3>Especificaciones<\/h3>\n<ul>\n<li>Tipo: Cable digital para audio y video<\/li>\n<li>Tipo de conector: HDMI macho a HDMI macho<\/li>\n<li>Resoluci\u00f3n: 4K ultra a 50\/60Hz \u2013 2160p*<\/li>\n<li>Velocidad de transmisi\u00f3n: 15Gbps approx.<\/li>\n<li>Calibre del cable: 30 AWG<\/li>\n<li>Formatos admitidos: 4K ultra-HD a 50\/60Hz (2160p), 60fps, Canal de retorno de audio (ARC), video de doble secuencia y amplia paleta crom\u00e1tica. Canal 3D y ethernet compatible con todas las versiones HDMI anteriores<\/li>\n<li>Aplicaciones: Videograbadoras, consolas de juegos de alta definici\u00f3n, proyectores, computadoras, pantallas LED, LCD, de plasma y 3D, PS4\/ PS3, XBOX ONE \/ XBOX 360<\/li>\n<li>Material del contacto: Conectores enchapados en oro de 24K<\/li>\n<li>Material del conductor: Conductores de cobre sin ox\u00edgeno de alta conductividad<\/li>\n<li>Blindaje: Doble apantallamiento con l\u00e1mina de aluminio mylar<\/li>\n<li>Cubierta: PVC durable con cubierta de metal<\/li>\n<li>Color: Negro<\/li>\n<li>Longitud: 3m<\/li>\n<li>Peso: 170g<\/li>\n<li>Garant\u00eda: Un a\u00f1o<\/li>\n<\/ul>\n","protected":false},"featured_media":1774,"comment_status":"open","ping_status":"closed","template":"","meta":[],"product_cat":[90,168],"product_tag":[],"class_list":{"0":"post-1773","1":"product","2":"type-product","3":"status-publish","4":"has-post-thumbnail","6":"product_cat-accesorios","7":"product_cat-cables","9":"first","10":"instock","11":"taxable","12":"shipping-taxable","13":"purchasable","14":"product-type-simple"},"_links":{"self":[{"href":"https:\/\/tecnoglobalgt.com\/es\/wp-json\/wp\/v2\/product\/1773","targetHints":{"allow":["GET"]}}],"collection":[{"href":"https:\/\/tecnoglobalgt.com\/es\/wp-json\/wp\/v2\/product"}],"about":[{"href":"https:\/\/tecnoglobalgt.com\/es\/wp-json\/wp\/v2\/types\/product"}],"replies":[{"embeddable":true,"href":"https:\/\/tecnoglobalgt.com\/es\/wp-json\/wp\/v2\/comments?post=1773"}],"wp:featuredmedia":[{"embeddable":true,"href":"https:\/\/tecnoglobalgt.com\/es\/wp-json\/wp\/v2\/media\/1774"}],"wp:attachment":[{"href":"https:\/\/tecnoglobalgt.com\/es\/wp-json\/wp\/v2\/media?parent=1773"}],"wp:term":[{"taxonomy":"product_cat","embeddable":true,"href":"https:\/\/tecnoglobalgt.com\/es\/wp-json\/wp\/v2\/product_cat?post=1773"},{"taxonomy":"product_tag","embeddable":true,"href":"https:\/\/tecnoglobalgt.com\/es\/wp-json\/wp\/v2\/product_tag?post=1773"}],"curies":[{"name":"wp","href":"https:\/\/api.w.org\/{rel}","templated":true}]}}