{"id":1771,"date":"2022-05-18T22:21:50","date_gmt":"2022-05-18T22:21:50","guid":{"rendered":"https:\/\/tecnoglobalgt.com\/es\/?post_type=product&#038;p=1771"},"modified":"2022-08-09T18:13:06","modified_gmt":"2022-08-09T18:13:06","slug":"cable-xtech-hdmi-macho-a-macho-10ft-3m-xtc-630","status":"publish","type":"product","link":"https:\/\/tecnoglobalgt.com\/es\/product\/cable-xtech-hdmi-macho-a-macho-10ft-3m-xtc-630\/","title":{"rendered":"CABLE XTECH HDMI MACHO A MACHO 10FT\/3M XTC-630"},"content":{"rendered":"<div class=\"col-md-4 col-12\" data-v-36d57dfe=\"\">\n<ul>\n<li class=\"text-left text-grey p-3\"><span class=\"font-weight-bold text-primary\" data-v-36d57dfe=\"\">Material de contacto:\u00a0<\/span>Conectores enchapados en oro de 24K<\/li>\n<\/ul>\n<\/div>\n<div class=\"col-md-4 col-12\" data-v-36d57dfe=\"\">\n<ul>\n<li class=\"text-left text-grey p-3\"><span class=\"font-weight-bold text-primary\" data-v-36d57dfe=\"\">Resoluci\u00f3n:\u00a0<\/span>Hasta 3840X2160p a 60Hz<\/li>\n<\/ul>\n<\/div>\n<div class=\"col-md-4 col-12\" data-v-36d57dfe=\"\">\n<ul>\n<li class=\"text-left text-grey p-3\"><span class=\"font-weight-bold text-primary\" data-v-36d57dfe=\"\">Longitud:\u00a0<\/span>3m<\/li>\n<\/ul>\n<\/div>\n","protected":false},"excerpt":{"rendered":"<h2>Especificaciones t\u00e9cnicas<\/h2>\n<ul>\n<li>Tipo: Cable para audio y video digital<\/li>\n<li>Tipo de conector: HDMI macho a HDMI macho<\/li>\n<li>Calibre: 28AWG<\/li>\n<li>Resoluci\u00f3n: Hasta 3840X2160p a 60Hz<\/li>\n<li>Velocidad de transferencia de datos: 18Gbps<\/li>\n<li>Di\u00e1metro externo: 7,5mm<\/li>\n<li>Admite los formatos: 4K Ultra alta definici\u00f3n a 60Hz (2160p), reproducci\u00f3n de video dual y amplio espacio de color. Admite HDMI con canal Ethernet, tecnolog\u00eda de Canal de retorno de audio (ARC) y banda ancha de 18Gbps. Compatible con los est\u00e1ndares HDMI V2.0, V1.4, V1.3<\/li>\n<li>Aplicaciones: Reproductores de DVD de alta definici\u00f3n, consolas para videojuegos de alta definici\u00f3n, proyectores de alta definici\u00f3n, computadoras, pantallas LED, LCD, plasma y 3D, PS4\/ PS3, XBOX ONE \/ XBOX 360<\/li>\n<li>Material de contacto: Conectores enchapados en oro de 24K<\/li>\n<li>Material del conductor: Conductores de cobre de alta conductividad libres de ox\u00edgeno<\/li>\n<li>Material de blindaje: Aluminio<\/li>\n<li>Revestimiento: PVC y malla de algod\u00f3n<\/li>\n<li>Longitud: 3m<\/li>\n<li>Peso: 283,4g<\/li>\n<li>Garant\u00eda: Un a\u00f1o<\/li>\n<\/ul>\n","protected":false},"featured_media":1772,"comment_status":"open","ping_status":"closed","template":"","meta":[],"product_cat":[90,168],"product_tag":[],"class_list":{"0":"post-1771","1":"product","2":"type-product","3":"status-publish","4":"has-post-thumbnail","6":"product_cat-accesorios","7":"product_cat-cables","9":"first","10":"instock","11":"taxable","12":"shipping-taxable","13":"purchasable","14":"product-type-simple"},"_links":{"self":[{"href":"https:\/\/tecnoglobalgt.com\/es\/wp-json\/wp\/v2\/product\/1771","targetHints":{"allow":["GET"]}}],"collection":[{"href":"https:\/\/tecnoglobalgt.com\/es\/wp-json\/wp\/v2\/product"}],"about":[{"href":"https:\/\/tecnoglobalgt.com\/es\/wp-json\/wp\/v2\/types\/product"}],"replies":[{"embeddable":true,"href":"https:\/\/tecnoglobalgt.com\/es\/wp-json\/wp\/v2\/comments?post=1771"}],"wp:featuredmedia":[{"embeddable":true,"href":"https:\/\/tecnoglobalgt.com\/es\/wp-json\/wp\/v2\/media\/1772"}],"wp:attachment":[{"href":"https:\/\/tecnoglobalgt.com\/es\/wp-json\/wp\/v2\/media?parent=1771"}],"wp:term":[{"taxonomy":"product_cat","embeddable":true,"href":"https:\/\/tecnoglobalgt.com\/es\/wp-json\/wp\/v2\/product_cat?post=1771"},{"taxonomy":"product_tag","embeddable":true,"href":"https:\/\/tecnoglobalgt.com\/es\/wp-json\/wp\/v2\/product_tag?post=1771"}],"curies":[{"name":"wp","href":"https:\/\/api.w.org\/{rel}","templated":true}]}}