{"id":1758,"date":"2022-05-05T18:08:42","date_gmt":"2022-05-05T18:08:42","guid":{"rendered":"https:\/\/tecnoglobalgt.com\/es\/?post_type=product&#038;p=1758"},"modified":"2025-09-12T20:52:44","modified_gmt":"2025-09-12T20:52:44","slug":"sleeve-klip-xtreme-neosquare-negro-para-laptop-14-1-kns-310b","status":"publish","type":"product","link":"https:\/\/tecnoglobalgt.com\/es\/product\/sleeve-klip-xtreme-neosquare-negro-para-laptop-14-1-kns-310b\/","title":{"rendered":"SLEEVE KLIP XTREME NEOSQUARE NEGRO PARA LAPTOP 14.1&#8243; KNS-310B"},"content":{"rendered":"<h1>El estilo esencial para toda ocasi\u00f3n<\/h1>\n<p>La funda KNS-310 ultraliviana y repelente al agua, confeccionada con resistente neopreno de primera calidad se ajusta como un guante al contorno de la unidad, al mismo tiempo que la protege de los impactos, rayones y los elementos. Su dise\u00f1o texturizado permite una mejor sujeci\u00f3n de tu dispositivo port\u00e1til<\/p>\n","protected":false},"excerpt":{"rendered":"<ul>\n<li>Se puede lavar a m\u00e1quina<\/li>\n<li>Dimensiones:\u00a035.5 x 28 x 1.50cm<\/li>\n<li>Ideal para Computadoras port\u00e1tiles con pantallas de hasta 14.1 pulgadas.<\/li>\n<li>Fabricada con el mismo neopreno de 4 mm utilizado para los trajes de buzo.<\/li>\n<li>\u00dasala sola como funda o como protecci\u00f3n adicional dentro de tu bolso favorito.<\/li>\n<li>Cierre de cremallera doble permite el f\u00e1cil acceso al laptop.<\/li>\n<\/ul>\n","protected":false},"featured_media":1759,"comment_status":"open","ping_status":"closed","template":"","meta":[],"product_cat":[90,124],"product_tag":[],"class_list":{"0":"post-1758","1":"product","2":"type-product","3":"status-publish","4":"has-post-thumbnail","6":"product_cat-accesorios","7":"product_cat-maletines","9":"first","10":"outofstock","11":"taxable","12":"shipping-taxable","13":"purchasable","14":"product-type-simple"},"_links":{"self":[{"href":"https:\/\/tecnoglobalgt.com\/es\/wp-json\/wp\/v2\/product\/1758","targetHints":{"allow":["GET"]}}],"collection":[{"href":"https:\/\/tecnoglobalgt.com\/es\/wp-json\/wp\/v2\/product"}],"about":[{"href":"https:\/\/tecnoglobalgt.com\/es\/wp-json\/wp\/v2\/types\/product"}],"replies":[{"embeddable":true,"href":"https:\/\/tecnoglobalgt.com\/es\/wp-json\/wp\/v2\/comments?post=1758"}],"wp:featuredmedia":[{"embeddable":true,"href":"https:\/\/tecnoglobalgt.com\/es\/wp-json\/wp\/v2\/media\/1759"}],"wp:attachment":[{"href":"https:\/\/tecnoglobalgt.com\/es\/wp-json\/wp\/v2\/media?parent=1758"}],"wp:term":[{"taxonomy":"product_cat","embeddable":true,"href":"https:\/\/tecnoglobalgt.com\/es\/wp-json\/wp\/v2\/product_cat?post=1758"},{"taxonomy":"product_tag","embeddable":true,"href":"https:\/\/tecnoglobalgt.com\/es\/wp-json\/wp\/v2\/product_tag?post=1758"}],"curies":[{"name":"wp","href":"https:\/\/api.w.org\/{rel}","templated":true}]}}