{"id":1754,"date":"2022-05-05T18:04:15","date_gmt":"2022-05-05T18:04:15","guid":{"rendered":"https:\/\/tecnoglobalgt.com\/es\/?post_type=product&#038;p=1754"},"modified":"2025-09-12T20:53:10","modified_gmt":"2025-09-12T20:53:10","slug":"sleeve-klip-xtreme-reversible-ksn-115bl-azul-y-negro","status":"publish","type":"product","link":"https:\/\/tecnoglobalgt.com\/es\/product\/sleeve-klip-xtreme-reversible-ksn-115bl-azul-y-negro\/","title":{"rendered":"SLEEVE KLIP XTREME REVERSIBLE KSN-115BL AZUL Y NEGRO"},"content":{"rendered":"<h1>Reversible para complementar tu estilo<\/h1>\n<p>Olv\u00eddate de la monoton\u00eda con esta funda reversible que presenta una llamativa combinaci\u00f3n de dos tonos, para usar con tu computadora port\u00e1til o netbook. Fabricada con tela de neopreno gruesa y resistente, la funda se adapta f\u00e1cilmente al contorno de tu equipo al mismo tiempo que lo protege de los elementos o los impactos gracias a su singular dise\u00f1o entallado. \u00a1Esta funda a la moda, pero incre\u00edblemente pr\u00e1ctica pronto se convertir\u00e1 en el accesorio indispensable para todo el mundo!<\/p>\n","protected":false},"excerpt":{"rendered":"<p><strong>General<\/strong><\/p>\n<ul>\n<li>Funda reversible de dos tonos<\/li>\n<li>No ocupa espacio cuando no se usa<\/li>\n<li>Se puede lavar a m\u00e1quina<\/li>\n<li>Dimensiones: 292mm Alto x 381mm Largo x 15mm Ancho<\/li>\n<li>Fabricada con el mismo neopreno de 4 mm utilizado para los trajes de buzo (colores)<\/li>\n<\/ul>\n","protected":false},"featured_media":1757,"comment_status":"open","ping_status":"closed","template":"","meta":[],"product_cat":[90,124],"product_tag":[],"class_list":{"0":"post-1754","1":"product","2":"type-product","3":"status-publish","4":"has-post-thumbnail","6":"product_cat-accesorios","7":"product_cat-maletines","9":"first","10":"outofstock","11":"taxable","12":"shipping-taxable","13":"purchasable","14":"product-type-simple"},"_links":{"self":[{"href":"https:\/\/tecnoglobalgt.com\/es\/wp-json\/wp\/v2\/product\/1754","targetHints":{"allow":["GET"]}}],"collection":[{"href":"https:\/\/tecnoglobalgt.com\/es\/wp-json\/wp\/v2\/product"}],"about":[{"href":"https:\/\/tecnoglobalgt.com\/es\/wp-json\/wp\/v2\/types\/product"}],"replies":[{"embeddable":true,"href":"https:\/\/tecnoglobalgt.com\/es\/wp-json\/wp\/v2\/comments?post=1754"}],"wp:featuredmedia":[{"embeddable":true,"href":"https:\/\/tecnoglobalgt.com\/es\/wp-json\/wp\/v2\/media\/1757"}],"wp:attachment":[{"href":"https:\/\/tecnoglobalgt.com\/es\/wp-json\/wp\/v2\/media?parent=1754"}],"wp:term":[{"taxonomy":"product_cat","embeddable":true,"href":"https:\/\/tecnoglobalgt.com\/es\/wp-json\/wp\/v2\/product_cat?post=1754"},{"taxonomy":"product_tag","embeddable":true,"href":"https:\/\/tecnoglobalgt.com\/es\/wp-json\/wp\/v2\/product_tag?post=1754"}],"curies":[{"name":"wp","href":"https:\/\/api.w.org\/{rel}","templated":true}]}}