{"id":1749,"date":"2022-05-05T17:47:31","date_gmt":"2022-05-05T17:47:31","guid":{"rendered":"https:\/\/tecnoglobalgt.com\/es\/?post_type=product&#038;p=1749"},"modified":"2022-08-09T18:02:55","modified_gmt":"2022-08-09T18:02:55","slug":"sleeve-para-portatil-klip-xtreme-kns-420bl-azul-15-6","status":"publish","type":"product","link":"https:\/\/tecnoglobalgt.com\/es\/product\/sleeve-para-portatil-klip-xtreme-kns-420bl-azul-15-6\/","title":{"rendered":"SLEEVE PARA PORTATIL KLIP XTREME KNS-420BL AZUL 15.6&#8243;"},"content":{"rendered":"<p>La vers\u00e1til funda para laptop KNS-420 asegura un ajuste adecuado y excelente protecci\u00f3n a la hora de transportar tu dispositivo port\u00e1til. Confeccionada con materiales de primera calidad, esta funda presenta un bolsillo frontal con cierre para guardar accesorios peque\u00f1os, como cables, tarjetas de memoria y otros art\u00edculos esenciales. Usa su pr\u00e1ctica asa para llevarla c\u00f3modamente mientras te trasladas o gu\u00e1rdala dentro de tu mochila favorita. Su interior suave y extra acolchado har\u00e1 que tus dispositivos se mantengan seguros y protegidos de impactos y rayones. Mant\u00e9n tu computadora port\u00e1til intacta y disfruta del dise\u00f1o moderno y elegante que se adaptar\u00e1 perfectamente a tu estilo personal.<\/p>\n<ul>\n<li>Funda vers\u00e1til y moderna, ideal para computadoras port\u00e1tiles con pantallas de hasta 15,6 pulgadas<\/li>\n<li>Asa integrada para f\u00e1cil transporte<\/li>\n<li>Fabricada con materiales extremadamente durables, resistentes al uso y desgaste del d\u00eda a d\u00eda<\/li>\n<li>Bolsillo frontal con cierre para llevar art\u00edculos peque\u00f1os<\/li>\n<li>Suave acolchado interior que ofrece amortiguaci\u00f3n y protecci\u00f3n a tu dispositivo<\/li>\n<li>Cierre de cremallera resistente<\/li>\n<li>Protecci\u00f3n confiable para usarla sola como malet\u00edn o guardarla dentro de la mochila<\/li>\n<li>Disponible en varios colores<\/li>\n<\/ul>\n","protected":false},"excerpt":{"rendered":"<p>La vers\u00e1til funda para laptop KNS-420 asegura un ajuste adecuado y excelente protecci\u00f3n a la hora de transportar tu dispositivo port\u00e1til. Confeccionada con materiales de primera calidad, esta funda presenta un bolsillo frontal con cierre para guardar accesorios peque\u00f1os, como cables, tarjetas de memoria y otros art\u00edculos esenciales. Usa su pr\u00e1ctica asa para llevarla c\u00f3modamente [&#8230;]\n","protected":false},"featured_media":1750,"comment_status":"open","ping_status":"closed","template":"","meta":[],"product_cat":[90,124],"product_tag":[],"class_list":{"0":"post-1749","1":"product","2":"type-product","3":"status-publish","4":"has-post-thumbnail","6":"product_cat-accesorios","7":"product_cat-maletines","9":"first","10":"outofstock","11":"taxable","12":"shipping-taxable","13":"purchasable","14":"product-type-simple"},"_links":{"self":[{"href":"https:\/\/tecnoglobalgt.com\/es\/wp-json\/wp\/v2\/product\/1749","targetHints":{"allow":["GET"]}}],"collection":[{"href":"https:\/\/tecnoglobalgt.com\/es\/wp-json\/wp\/v2\/product"}],"about":[{"href":"https:\/\/tecnoglobalgt.com\/es\/wp-json\/wp\/v2\/types\/product"}],"replies":[{"embeddable":true,"href":"https:\/\/tecnoglobalgt.com\/es\/wp-json\/wp\/v2\/comments?post=1749"}],"wp:featuredmedia":[{"embeddable":true,"href":"https:\/\/tecnoglobalgt.com\/es\/wp-json\/wp\/v2\/media\/1750"}],"wp:attachment":[{"href":"https:\/\/tecnoglobalgt.com\/es\/wp-json\/wp\/v2\/media?parent=1749"}],"wp:term":[{"taxonomy":"product_cat","embeddable":true,"href":"https:\/\/tecnoglobalgt.com\/es\/wp-json\/wp\/v2\/product_cat?post=1749"},{"taxonomy":"product_tag","embeddable":true,"href":"https:\/\/tecnoglobalgt.com\/es\/wp-json\/wp\/v2\/product_tag?post=1749"}],"curies":[{"name":"wp","href":"https:\/\/api.w.org\/{rel}","templated":true}]}}