{"id":1739,"date":"2022-05-02T21:49:39","date_gmt":"2022-05-02T21:49:39","guid":{"rendered":"https:\/\/tecnoglobalgt.com\/es\/?post_type=product&#038;p=1739"},"modified":"2023-01-25T15:07:17","modified_gmt":"2023-01-25T15:07:17","slug":"xtc-560-cable-multifuncional-para-carga-5-en-1","status":"publish","type":"product","link":"https:\/\/tecnoglobalgt.com\/es\/product\/xtc-560-cable-multifuncional-para-carga-5-en-1\/","title":{"rendered":"XTC-560 Cable multifuncional para carga 5 en 1"},"content":{"rendered":"<h3>Caracter\u00edsticas<\/h3>\n<ul>\n<li>Pr\u00e1ctico y vers\u00e1til cable 5 en 1 para carga de m\u00faltiples dispositivos<\/li>\n<li>Elaborado con aluminio y dise\u00f1o de nylon trenzado, para mayor flexibilidad y durabilidad<\/li>\n<li>F\u00e1cil de usar en el hogar, la oficina o mientras te trasladas<\/li>\n<li>Entrada: USB Tipo A o C<\/li>\n<li>Salida: Micro USB, Lightning (no reversible) o Tipo C<\/li>\n<\/ul>\n","protected":false},"excerpt":{"rendered":"<h3>Especificaciones<\/h3>\n<ul>\n<li>Tipo: Cable trenzado para carga 5 en 1<\/li>\n<li>Tipo de conector: Entrada: USB Tipo A o C, Salida: 2 en 1 (Micro USB + Lightning\u00ae) \/ USB Tipo C<\/li>\n<li>Calibre del cable: 32 AWG<\/li>\n<li>Aplicaciones: Carga solamente<\/li>\n<li>Di\u00e1metro exterior: 3mm<\/li>\n<li>Material del conductor: Cobre<\/li>\n<li>Material del contacto: Cubierta niquelada con contactos de cobre, enchapados en oro<\/li>\n<li>Revestimiento: PVC<\/li>\n<li>Cubierta: Trenzada<\/li>\n<li>Entrada\/salida m\u00e1x: 5VCC, 2,1A<\/li>\n<li>Longitud del cable: 1,2m<\/li>\n<li>Peso: 31,1g<\/li>\n<li>Garant\u00eda: Un a\u00f1o<\/li>\n<\/ul>\n","protected":false},"featured_media":1740,"comment_status":"open","ping_status":"closed","template":"","meta":[],"product_cat":[167,216],"product_tag":[],"class_list":{"0":"post-1739","1":"product","2":"type-product","3":"status-publish","4":"has-post-thumbnail","6":"product_cat-accesorios-para-celular","7":"product_cat-cable-para-celular","9":"first","10":"instock","11":"taxable","12":"shipping-taxable","13":"purchasable","14":"product-type-simple"},"_links":{"self":[{"href":"https:\/\/tecnoglobalgt.com\/es\/wp-json\/wp\/v2\/product\/1739","targetHints":{"allow":["GET"]}}],"collection":[{"href":"https:\/\/tecnoglobalgt.com\/es\/wp-json\/wp\/v2\/product"}],"about":[{"href":"https:\/\/tecnoglobalgt.com\/es\/wp-json\/wp\/v2\/types\/product"}],"replies":[{"embeddable":true,"href":"https:\/\/tecnoglobalgt.com\/es\/wp-json\/wp\/v2\/comments?post=1739"}],"wp:featuredmedia":[{"embeddable":true,"href":"https:\/\/tecnoglobalgt.com\/es\/wp-json\/wp\/v2\/media\/1740"}],"wp:attachment":[{"href":"https:\/\/tecnoglobalgt.com\/es\/wp-json\/wp\/v2\/media?parent=1739"}],"wp:term":[{"taxonomy":"product_cat","embeddable":true,"href":"https:\/\/tecnoglobalgt.com\/es\/wp-json\/wp\/v2\/product_cat?post=1739"},{"taxonomy":"product_tag","embeddable":true,"href":"https:\/\/tecnoglobalgt.com\/es\/wp-json\/wp\/v2\/product_tag?post=1739"}],"curies":[{"name":"wp","href":"https:\/\/api.w.org\/{rel}","templated":true}]}}