{"id":1737,"date":"2022-05-02T21:45:34","date_gmt":"2022-05-02T21:45:34","guid":{"rendered":"https:\/\/tecnoglobalgt.com\/es\/?post_type=product&#038;p=1737"},"modified":"2022-07-21T15:16:24","modified_gmt":"2022-07-21T15:16:24","slug":"cable-xtech-usb-tipo-c-macho-a-tipo-c-macho-xtc-530","status":"publish","type":"product","link":"https:\/\/tecnoglobalgt.com\/es\/product\/cable-xtech-usb-tipo-c-macho-a-tipo-c-macho-xtc-530\/","title":{"rendered":"CABLE XTECH USB TIPO C MACHO A TIPO C MACHO XTC-530"},"content":{"rendered":"<p><strong>Caracter\u00edsticas<\/strong><\/p>\n<p>\u00b7 Dise\u00f1o reversible Tipo C simplifica su utilizaci\u00f3n, ya que permite ser<br \/>\nconectado en cualquiera de los dos sentidos<br \/>\n\u00b7 Ideal para cargar y sincronizar sus dispositivos<br \/>\n\u00b7 Al adoptar el est\u00e1ndar de conectividad m\u00e1s reciente, este cable admite la<br \/>\ntransmisi\u00f3n de datos, im\u00e1genes e incluso de energ\u00eda a trav\u00e9s de un<br \/>\npuerto \u00fanico entre dispositivos dotados con una interfaz USB-C<br \/>\n\u00b7 Velocidades de hasta 5.0Gbps para la \u00f3ptima transferencia de datos,<br \/>\nv\u00eddeos y de audio<br \/>\n\u00b7 Cable de 1,8 m de longitud<br \/>\n\u00b7 Calibre de 24 AWG<\/p>\n","protected":false},"excerpt":{"rendered":"<table border=\"0\" cellspacing=\"0\" cellpadding=\"0\">\n<colgroup>\n<col width=\"118\" \/>\n<col width=\"206\" \/><\/colgroup>\n<tbody>\n<tr>\n<td class=\"xl64\" width=\"118\" height=\"40\"><strong>Tipo<\/strong><\/td>\n<td class=\"xl63\" width=\"206\">Cable para carga y transferencia<br \/>\nde datos a alta velocidad<\/td>\n<\/tr>\n<tr>\n<td class=\"xl64\" height=\"20\"><strong>Tipo de conector<\/strong><\/td>\n<td>Tipo C macho a Tipo C macho<\/td>\n<\/tr>\n<tr>\n<td class=\"xl64\" height=\"20\"><strong>Calibre del cable<\/strong><\/td>\n<td>24 AWG<\/td>\n<\/tr>\n<tr>\n<td class=\"xl65\" width=\"118\" height=\"40\"><strong>Velocidad de<\/strong><br \/>\n<strong>transmisi\u00f3n<\/strong><\/td>\n<td class=\"xl63\" width=\"206\">Admite velocidades de<br \/>\nhasta 5.0Gbps<\/td>\n<\/tr>\n<tr>\n<td class=\"xl64\" height=\"20\"><strong>Conductor<\/strong><\/td>\n<td>Cobre pulido<\/td>\n<\/tr>\n<tr>\n<td class=\"xl64\" height=\"20\"><strong>Revestimiento<\/strong><\/td>\n<td>Pl\u00e1stico PVC<\/td>\n<\/tr>\n<tr>\n<td class=\"xl64\" height=\"20\"><strong>Di\u00e1metro externo<\/strong><\/td>\n<td>4,0mm<\/td>\n<\/tr>\n<tr>\n<td class=\"xl64\" height=\"20\"><strong>Color<\/strong><\/td>\n<td>Negro<\/td>\n<\/tr>\n<tr>\n<td class=\"xl64\" height=\"20\"><strong>Longitud<\/strong><\/td>\n<td>1,8m<\/td>\n<\/tr>\n<tr>\n<td class=\"xl64\" height=\"20\"><strong>Peso<\/strong><\/td>\n<td>50g<\/td>\n<\/tr>\n<tr>\n<td class=\"xl64\" height=\"20\"><strong>Garant\u00eda<\/strong><\/td>\n<td>Un a\u00f1o<\/td>\n<\/tr>\n<\/tbody>\n<\/table>\n<p>&nbsp;<\/p>\n","protected":false},"featured_media":1738,"comment_status":"open","ping_status":"closed","template":"","meta":[],"product_cat":[167,216],"product_tag":[],"class_list":{"0":"post-1737","1":"product","2":"type-product","3":"status-publish","4":"has-post-thumbnail","6":"product_cat-accesorios-para-celular","7":"product_cat-cable-para-celular","9":"first","10":"instock","11":"taxable","12":"shipping-taxable","13":"purchasable","14":"product-type-simple"},"_links":{"self":[{"href":"https:\/\/tecnoglobalgt.com\/es\/wp-json\/wp\/v2\/product\/1737","targetHints":{"allow":["GET"]}}],"collection":[{"href":"https:\/\/tecnoglobalgt.com\/es\/wp-json\/wp\/v2\/product"}],"about":[{"href":"https:\/\/tecnoglobalgt.com\/es\/wp-json\/wp\/v2\/types\/product"}],"replies":[{"embeddable":true,"href":"https:\/\/tecnoglobalgt.com\/es\/wp-json\/wp\/v2\/comments?post=1737"}],"wp:featuredmedia":[{"embeddable":true,"href":"https:\/\/tecnoglobalgt.com\/es\/wp-json\/wp\/v2\/media\/1738"}],"wp:attachment":[{"href":"https:\/\/tecnoglobalgt.com\/es\/wp-json\/wp\/v2\/media?parent=1737"}],"wp:term":[{"taxonomy":"product_cat","embeddable":true,"href":"https:\/\/tecnoglobalgt.com\/es\/wp-json\/wp\/v2\/product_cat?post=1737"},{"taxonomy":"product_tag","embeddable":true,"href":"https:\/\/tecnoglobalgt.com\/es\/wp-json\/wp\/v2\/product_tag?post=1737"}],"curies":[{"name":"wp","href":"https:\/\/api.w.org\/{rel}","templated":true}]}}