{"id":1470,"date":"2021-11-11T19:17:08","date_gmt":"2021-11-11T19:17:08","guid":{"rendered":"https:\/\/tecnoglobalgt.com\/es\/?post_type=product&#038;p=1470"},"modified":"2022-07-25T15:16:34","modified_gmt":"2022-07-25T15:16:34","slug":"sleeve-klip-xtreme-para-notebook-15-6-kns-120pr-color-morado","status":"publish","type":"product","link":"https:\/\/tecnoglobalgt.com\/es\/product\/sleeve-klip-xtreme-para-notebook-15-6-kns-120pr-color-morado\/","title":{"rendered":"SLEEVE KLIP XTREME PARA NOTEBOOK 15.6&#8243; KNS-120PR COLOR MORADO"},"content":{"rendered":"<h2>Funcionalidad y estilo en movimiento<\/h2>\n<p>A la hora de transportar tu computadora port\u00e1til, la elegante y liviana funda para laptop KNS-120 estar\u00e1 a la altura de tus necesidades. Confeccionada con neopreno durable de primera calidad, este accesorio funcional est\u00e1 dise\u00f1ado para proteger tu dispositivo port\u00e1til, ya sea que la uses sola o la guardes dentro de tu bolso favorito. Su estilo elegante complementado por una vibrante paleta de colores te permitir\u00e1 escoger la que mejor se acomode a tu personalidad.<\/p>\n<ul>\n<li>Funda de neopreno resistente y durable, ideal para computadoras port\u00e1tiles con pantallas de hasta 15,6 pulgadas<\/li>\n<li>Liviana y de estilo elegante, para el profesional con estilo de vida activo que le gusta estar a la moda<\/li>\n<li>Vers\u00e1til y con cable para proteger tu dispositivo, ya sea que la uses sola o la guardes dentro de una mochila<\/li>\n<li>Cierre de cremallera resistente<\/li>\n<li>Disponible en varios colores<\/li>\n<\/ul>\n","protected":false},"excerpt":{"rendered":"<div class=\"col-12 col-sm-6 pb-2 mb-2\"><img decoding=\"async\" src=\"https:\/\/klip-xtreme-frontend.s3.amazonaws.com\/media\/img\/Icon-Technical-specifications-grupo.png\" alt=\"Especificaciones t\u00e9cnicas\" height=\"25px\" \/><\/p>\n<h6 class=\"font-weight-bolder d-inline-block pl-2\">Especificaciones t\u00e9cnicas<\/h6>\n<hr \/>\n<div>\n<ul>\n<li><strong>Apta para laptops de hasta:\u00a0<\/strong>15,6 pulgadas<\/li>\n<li><strong>N\u00famero de compartimientos:\u00a0<\/strong>\u00a0Un compartimiento principal con cierre<\/li>\n<li><strong>Color:\u00a0<\/strong>Varios<\/li>\n<li><strong>Material:\u00a0<\/strong>Exterior: 100% neopreno Interior: 100% poli\u00e9ster<\/li>\n<\/ul>\n<\/div>\n<\/div>\n<div class=\"col-12 col-sm-6 pb-2 mb-2\"><img decoding=\"async\" src=\"https:\/\/klip-xtreme-frontend.s3.amazonaws.com\/media\/img\/Icon-Dimensions-grupo.png\" alt=\"Dimensiones\" height=\"25px\" \/><\/p>\n<h6 class=\"font-weight-bolder d-inline-block pl-2\">Dimensiones<\/h6>\n<hr \/>\n<div>\n<ul>\n<li><strong>Exteriores:\u00a0<\/strong>39x29x1,5cm<strong>\u00a0<\/strong><\/li>\n<li><strong>Peso:\u00a0<\/strong>\u00a00,35kg<\/li>\n<\/ul>\n<\/div>\n<\/div>\n<div class=\"col-12 col-sm-6 pb-2 mb-2\"><img decoding=\"async\" src=\"https:\/\/klip-xtreme-frontend.s3.amazonaws.com\/media\/img\/Icon-Additional-information-grupo.png\" alt=\"Informaci\u00f3n adicional\" height=\"25px\" \/><\/p>\n<h6 class=\"font-weight-bolder d-inline-block pl-2\">Informaci\u00f3n adicional<\/h6>\n<hr \/>\n<div>\n<ul>\n<li><strong>Garant\u00eda<\/strong>: 1 a\u00f1o<\/li>\n<\/ul>\n<\/div>\n<\/div>\n","protected":false},"featured_media":1478,"comment_status":"open","ping_status":"closed","template":"","meta":[],"product_brand":[],"product_cat":[90,124],"product_tag":[],"class_list":{"0":"post-1470","1":"product","2":"type-product","3":"status-publish","4":"has-post-thumbnail","6":"product_cat-accesorios","7":"product_cat-maletines","9":"first","10":"outofstock","11":"taxable","12":"shipping-taxable","13":"purchasable","14":"product-type-simple"},"_links":{"self":[{"href":"https:\/\/tecnoglobalgt.com\/es\/wp-json\/wp\/v2\/product\/1470","targetHints":{"allow":["GET"]}}],"collection":[{"href":"https:\/\/tecnoglobalgt.com\/es\/wp-json\/wp\/v2\/product"}],"about":[{"href":"https:\/\/tecnoglobalgt.com\/es\/wp-json\/wp\/v2\/types\/product"}],"replies":[{"embeddable":true,"href":"https:\/\/tecnoglobalgt.com\/es\/wp-json\/wp\/v2\/comments?post=1470"}],"wp:featuredmedia":[{"embeddable":true,"href":"https:\/\/tecnoglobalgt.com\/es\/wp-json\/wp\/v2\/media\/1478"}],"wp:attachment":[{"href":"https:\/\/tecnoglobalgt.com\/es\/wp-json\/wp\/v2\/media?parent=1470"}],"wp:term":[{"taxonomy":"product_brand","embeddable":true,"href":"https:\/\/tecnoglobalgt.com\/es\/wp-json\/wp\/v2\/product_brand?post=1470"},{"taxonomy":"product_cat","embeddable":true,"href":"https:\/\/tecnoglobalgt.com\/es\/wp-json\/wp\/v2\/product_cat?post=1470"},{"taxonomy":"product_tag","embeddable":true,"href":"https:\/\/tecnoglobalgt.com\/es\/wp-json\/wp\/v2\/product_tag?post=1470"}],"curies":[{"name":"wp","href":"https:\/\/api.w.org\/{rel}","templated":true}]}}