{"id":1425,"date":"2021-11-11T17:54:13","date_gmt":"2021-11-11T17:54:13","guid":{"rendered":"https:\/\/tecnoglobalgt.com\/es\/?post_type=product&#038;p=1425"},"modified":"2025-09-12T20:57:06","modified_gmt":"2025-09-12T20:57:06","slug":"mochila-klip-xtreme-toscana-knb-468br-cafe-para-15-6","status":"publish","type":"product","link":"https:\/\/tecnoglobalgt.com\/es\/product\/mochila-klip-xtreme-toscana-knb-468br-cafe-para-15-6\/","title":{"rendered":"MOCHILA KLIP XTREME TOSCANA KNB-468BR CAFE PARA 15.6&#8243;"},"content":{"rendered":"<h2>Disfruta del confort y la sofisticaci\u00f3n inigualables<\/h2>\n<p>La nueva incorporaci\u00f3n de KlipXtreme a su colecci\u00f3n de mochilas para damas llamar\u00e1 totalmente la atenci\u00f3n. Esta moderna mochila de primera l\u00ednea ofrece gran comodidad y elegancia, ya que resulta ideal para cargar una computadora port\u00e1til de 15,6 pulgadas, y al mismo tiempo proporciona espacio suficiente en sus dos compartimientos adicionales para guardar otros art\u00edculos de necesidad. Mant\u00e9n seguros tus objetos de valor en el organizador interior con cierre, o aprovecha sus bolsillos multiprop\u00f3sito para acomodar cualquier art\u00edculo de librer\u00eda o de uso personal necesario para tu viaje. El bolsillo frontal con cierre resulta de gran utilidad para llevar aquellos art\u00edculos que necesitas tener siempre a la mano. Disfruta de la versatilidad que te ofrece esta mochila y ll\u00e9vala c\u00f3modamente en la espalda con los tirantes acolchados para los hombros, c\u00e1rgala con elegancia por medio de su asa resistente, o c\u00e1rgala en tu maleta de mano con su pr\u00e1ctica tira sujetadora. La excelente calidad de los materiales de fabricaci\u00f3n y los tiradores en s\u00edmil cuero contribuyen al look innovador de la mochila, que definitivamente formar\u00e1 parte de tu estilo femenino y elegante.<\/p>\n<h2>Caracter\u00edsticas<\/h2>\n<ul>\n<li>Protecci\u00f3n: compartimiento principal completamente forrado y acolchado, ideal para computadoras port\u00e1tiles de hasta 15,6 pulgadas, con cuatro bolsillos multiprop\u00f3sito para art\u00edculos de librer\u00eda o de computaci\u00f3n<\/li>\n<li>Organizaci\u00f3n: dos compartimientos adicionales con pr\u00e1cticos organizadores y un bolsillo con cierre para tus art\u00edculos de valor. Tambi\u00e9n posee un bolsillo frontal con cierre para guardar tus art\u00edculos de uso diario<\/li>\n<li>Practicidad y comodidad: pr\u00e1ctica asa integrada y ergon\u00f3micos tirantes para los hombros acolchados y ajustables para llevar la mochila c\u00f3modamente en la espalda. Resistente tira sujetadora brinda comodidad y seguridad adicional cuando viajas<\/li>\n<li>Material: Nylon protector pr\u00e9mium de gran durabilidad,cierres de metal con tiradores en s\u00edmil cuero, e interior de poli\u00e9ster de excelente calidad<\/li>\n<li>Colores: Rojo, azul, caqui y marr\u00f3n<\/li>\n<\/ul>\n","protected":false},"excerpt":{"rendered":"<div class=\"col-12 col-sm-6 pb-2 mb-2\"><img decoding=\"async\" src=\"https:\/\/klip-xtreme-frontend.s3.amazonaws.com\/media\/img\/Icon-Specifications-grupo.png\" alt=\"Especificaciones\" height=\"25px\" \/><\/p>\n<h6 class=\"font-weight-bolder d-inline-block pl-2\">Especificaciones<\/h6>\n<hr \/>\n<div>\n<ul>\n<li><strong>Apta para computadoras port\u00e1tiles de hasta:<\/strong>\u00a015,6 pulgadas<\/li>\n<li><strong>N\u00famero de compartimientos principales:<\/strong>\u00a03<\/li>\n<li><strong>Bolsillo para accesorios (externo):\u00a0<\/strong>Un bolsillo grande con cierre + dos bolsillos<\/li>\n<li><strong>Bolsillo para accesorios (interno):<\/strong>\u00a0Bolsillo interno con cierre + 6 bolsillos organizadores<\/li>\n<li><strong>Tira sujetadora para la maleta de mano:<\/strong>\u00a0S\u00ed<\/li>\n<li><strong>Material\u00a0Exterior:<\/strong>\u00a090% nylon de 1200 deniers y 100% poliuretano Forro: 100% poli\u00e9ster de 210 deniers<\/li>\n<\/ul>\n<\/div>\n<\/div>\n<div class=\"col-12 col-sm-6 pb-2 mb-2\"><img decoding=\"async\" src=\"https:\/\/klip-xtreme-frontend.s3.amazonaws.com\/media\/img\/Icon-Dimensions-grupo.png\" alt=\"Dimensiones\" height=\"25px\" \/><\/p>\n<h6 class=\"font-weight-bolder d-inline-block pl-2\">Dimensiones<\/h6>\n<hr \/>\n<div>\n<ul>\n<li><strong>Dimensiones Exterior:<\/strong>\u00a0 42x32x14cm<\/li>\n<li><strong>Compartimiento para laptop:<\/strong>\u00a033,8x28x5cm<\/li>\n<li><strong>Capacidad de carga m\u00e1x. (con los tirantes para los hombros):\u00a0<\/strong>12kg<\/li>\n<li><strong>Peso:\u00a0<\/strong>0,76kg<\/li>\n<\/ul>\n<\/div>\n<\/div>\n","protected":false},"featured_media":1426,"comment_status":"open","ping_status":"closed","template":"","meta":[],"product_cat":[90,192],"product_tag":[],"class_list":{"0":"post-1425","1":"product","2":"type-product","3":"status-publish","4":"has-post-thumbnail","6":"product_cat-accesorios","7":"product_cat-mochilas","9":"first","10":"instock","11":"taxable","12":"shipping-taxable","13":"purchasable","14":"product-type-simple"},"_links":{"self":[{"href":"https:\/\/tecnoglobalgt.com\/es\/wp-json\/wp\/v2\/product\/1425","targetHints":{"allow":["GET"]}}],"collection":[{"href":"https:\/\/tecnoglobalgt.com\/es\/wp-json\/wp\/v2\/product"}],"about":[{"href":"https:\/\/tecnoglobalgt.com\/es\/wp-json\/wp\/v2\/types\/product"}],"replies":[{"embeddable":true,"href":"https:\/\/tecnoglobalgt.com\/es\/wp-json\/wp\/v2\/comments?post=1425"}],"wp:featuredmedia":[{"embeddable":true,"href":"https:\/\/tecnoglobalgt.com\/es\/wp-json\/wp\/v2\/media\/1426"}],"wp:attachment":[{"href":"https:\/\/tecnoglobalgt.com\/es\/wp-json\/wp\/v2\/media?parent=1425"}],"wp:term":[{"taxonomy":"product_cat","embeddable":true,"href":"https:\/\/tecnoglobalgt.com\/es\/wp-json\/wp\/v2\/product_cat?post=1425"},{"taxonomy":"product_tag","embeddable":true,"href":"https:\/\/tecnoglobalgt.com\/es\/wp-json\/wp\/v2\/product_tag?post=1425"}],"curies":[{"name":"wp","href":"https:\/\/api.w.org\/{rel}","templated":true}]}}