{"id":1152,"date":"2021-11-08T20:01:54","date_gmt":"2021-11-08T20:01:54","guid":{"rendered":"https:\/\/tecnoglobalgt.com\/es\/?post_type=product&#038;p=1152"},"modified":"2025-09-13T18:35:47","modified_gmt":"2025-09-13T18:35:47","slug":"bocina-xtech-para-pc-xts-115bl-azul","status":"publish","type":"product","link":"https:\/\/tecnoglobalgt.com\/es\/product\/bocina-xtech-para-pc-xts-115bl-azul\/","title":{"rendered":"BOCINA XTECH PARA PC XTS-115"},"content":{"rendered":"<p class=\"prod-reference toggle-oncolor rcode mobileNone\" data-variant=\"1492\">XTS-115BL<\/p>\n<ul class=\"ulReset d-md-flex align-items-center mainList__title\">\n<li>M\u00e1xima potencia de salida (RMS)\u00a0:\u00a06W<\/li>\n<li>Tipo de conexi\u00f3n:\u00a03,5mm para audio y USB para alimentaci\u00f3n<\/li>\n<li>Color: Negro con Azul<\/li>\n<\/ul>\n","protected":false},"excerpt":{"rendered":"<h3>Caracter\u00edsticas<\/h3>\n<ul>\n<li>Parlantes est\u00e9reo de 2.0 canales con dise\u00f1o contempor\u00e1neo<\/li>\n<li>Potencia de salida de 6 watts RMS para un sonido n\u00edtido y sin distorsi\u00f3n<\/li>\n<li>Conveniente perilla para el control del volumen ubicada al frente para ajustar la intensidad del sonido del computador, reproductores de DVD, CD o audio digital<\/li>\n<\/ul>\n<h3>Especificaciones<\/h3>\n<p><strong>Dispositivo<\/strong><\/p>\n<ul>\n<li><strong>Tipo:\u00a0<\/strong>Parlantes est\u00e9reo multimedia de 2.0 canales<\/li>\n<li><strong>M\u00e1xima potencia de salida (RMS):\u00a0<\/strong>6W<\/li>\n<li><strong>Entrada de CC:\u00a0<\/strong>USB de 5V<\/li>\n<li><strong>Botones:<\/strong>\u00a0Perilla para el control del volumen<\/li>\n<\/ul>\n<p><strong>Parlante<\/strong><\/p>\n<ul>\n<li><strong>Unidad del parlante:\u00a0<\/strong>2 pulgadas cada una<\/li>\n<li><strong>Frecuencia:\u00a0<\/strong>120Hz-18KHz<\/li>\n<li><strong>Impedancia:\u00a0<\/strong>4\u03a9<\/li>\n<li><strong>Relaci\u00f3n de se\u00f1al a ruido:\u00a0<\/strong>60dB<\/li>\n<\/ul>\n<p><strong>Conectividad<\/strong><\/p>\n<ul>\n<li><strong>Tipo de conexi\u00f3n:\u00a0<\/strong>3,5mm para audio y USB para alimentaci\u00f3n<\/li>\n<\/ul>\n<p><strong>Informaci\u00f3n adicional<\/strong><\/p>\n<ul>\n<li><strong>Dimensiones:\u00a0<\/strong>80x96x96mm<\/li>\n<li><strong>Colores:<\/strong>\u00a0Negro, azul y rojo<\/li>\n<li><strong>Garant\u00eda:\u00a0<\/strong>\u00a01 a\u00f1o<\/li>\n<\/ul>\n","protected":false},"featured_media":1153,"comment_status":"open","ping_status":"closed","template":"","meta":[],"product_cat":[229,173],"product_tag":[],"class_list":{"0":"post-1152","1":"product","2":"type-product","3":"status-publish","4":"has-post-thumbnail","6":"product_cat-bocinas-para-pc","7":"product_cat-perifericos","9":"first","10":"instock","11":"taxable","12":"shipping-taxable","13":"purchasable","14":"product-type-variable"},"_links":{"self":[{"href":"https:\/\/tecnoglobalgt.com\/es\/wp-json\/wp\/v2\/product\/1152","targetHints":{"allow":["GET"]}}],"collection":[{"href":"https:\/\/tecnoglobalgt.com\/es\/wp-json\/wp\/v2\/product"}],"about":[{"href":"https:\/\/tecnoglobalgt.com\/es\/wp-json\/wp\/v2\/types\/product"}],"replies":[{"embeddable":true,"href":"https:\/\/tecnoglobalgt.com\/es\/wp-json\/wp\/v2\/comments?post=1152"}],"wp:featuredmedia":[{"embeddable":true,"href":"https:\/\/tecnoglobalgt.com\/es\/wp-json\/wp\/v2\/media\/1153"}],"wp:attachment":[{"href":"https:\/\/tecnoglobalgt.com\/es\/wp-json\/wp\/v2\/media?parent=1152"}],"wp:term":[{"taxonomy":"product_cat","embeddable":true,"href":"https:\/\/tecnoglobalgt.com\/es\/wp-json\/wp\/v2\/product_cat?post=1152"},{"taxonomy":"product_tag","embeddable":true,"href":"https:\/\/tecnoglobalgt.com\/es\/wp-json\/wp\/v2\/product_tag?post=1152"}],"curies":[{"name":"wp","href":"https:\/\/api.w.org\/{rel}","templated":true}]}}