{"id":1130,"date":"2021-11-08T19:32:32","date_gmt":"2021-11-08T19:32:32","guid":{"rendered":"https:\/\/tecnoglobalgt.com\/es\/?post_type=product&#038;p=1130"},"modified":"2025-09-13T18:34:41","modified_gmt":"2025-09-13T18:34:41","slug":"bocina-xtech-incendio-gaming-xts-130-color-negro-con-luces-de-colores","status":"publish","type":"product","link":"https:\/\/tecnoglobalgt.com\/es\/product\/bocina-xtech-incendio-gaming-xts-130-color-negro-con-luces-de-colores\/","title":{"rendered":"BOCINA XTECH INCENDIO GAMING XTS-130 COLOR NEGRO CON LUCES DE COLORES"},"content":{"rendered":"<p class=\"prod-reference active toggle-oncolor rcode mobileNone\" data-variant=\"1464\">XTS-130<\/p>\n<ul class=\"ulReset d-md-flex align-items-center mainList__title\">\n<li>M\u00e1xima potencia de salida (RMS) :\u00a04W<\/li>\n<li>Tipo de conexi\u00f3n:\u00a03,5mm para audio y USB para alimentaci\u00f3n<\/li>\n<li>Color:\u00a0Negro<\/li>\n<\/ul>\n","protected":false},"excerpt":{"rendered":"<h2>Caracter\u00edsticas:<\/h2>\n<ul>\n<li>Parlantes est\u00e9reo de tama\u00f1o compacto con conexi\u00f3n USB de 5VCC que imparten 4 watts de audio de excelente calidad<\/li>\n<li>Cable auxiliar integrado de 3,5mm para conectarlos a tus fuentes de audio favoritas<\/li>\n<li>Luces LED de colores con efecto continuado para una experiencia de audio m\u00e1s atractiva<\/li>\n<li>Perilla de control de volumen para ajustar el audio al nivel deseado<\/li>\n<li>Configuraci\u00f3n autom\u00e1tica Plug-and-Play permite conectar e instalar la unidad con toda facilidad<\/li>\n<\/ul>\n<h2>Especificaciones<\/h2>\n<p>Dispositivo<\/p>\n<ul>\n<li>Tipo: Parlantes est\u00e9reo multimedia de 2.0 canales con luces LED de colores<\/li>\n<li>M\u00e1xima potencia de salida (RMS): 4W<\/li>\n<li>Entrada de CC 5V, 1A<\/li>\n<li>Bot\u00f3n Control de volumen y Encendido\/Apagado<\/li>\n<\/ul>\n<p>Parlante<\/p>\n<ul>\n<li>Unidad del parlante: 2&#215;2,5pulgadas<\/li>\n<li>Frecuencia: 160Hz-20KHz<\/li>\n<li>Impedancia: 4\u03a9<\/li>\n<li>Sensibilidad: 700mV\u00b150mV<\/li>\n<li>Relaci\u00f3n de se\u00f1al a ruido: 36dB<\/li>\n<li>Distorsi\u00f3n arm\u00f3nica total (DAT): 10%<\/li>\n<\/ul>\n<p>Conectividad<\/p>\n<ul>\n<li>Tipo de conexi\u00f3n: 3,5mm para audio y USB para alimentaci\u00f3n<\/li>\n<\/ul>\n<p>Especificaciones<\/p>\n<ul>\n<li>Dimensiones: 7,6&#215;9,4&#215;17,5cm<\/li>\n<li>Peso: 751,2g<\/li>\n<li>Longitud del cable USB\/3,5mm: 1,3m, Cable de conexi\u00f3n entre parlante izquierdo, y derecho: 1m<\/li>\n<li>Garant\u00eda: Un a\u00f1o<\/li>\n<\/ul>\n<p>Caracter\u00edsticas destacadas<\/p>\n<ul>\n<li>Efectos de iluminaci\u00f3n: Luces LED de colores con efecto continuado<\/li>\n<\/ul>\n","protected":false},"featured_media":2576,"comment_status":"open","ping_status":"closed","template":"","meta":[],"product_cat":[229,173],"product_tag":[],"class_list":{"0":"post-1130","1":"product","2":"type-product","3":"status-publish","4":"has-post-thumbnail","6":"product_cat-bocinas-para-pc","7":"product_cat-perifericos","9":"first","10":"instock","11":"taxable","12":"shipping-taxable","13":"purchasable","14":"product-type-simple"},"_links":{"self":[{"href":"https:\/\/tecnoglobalgt.com\/es\/wp-json\/wp\/v2\/product\/1130","targetHints":{"allow":["GET"]}}],"collection":[{"href":"https:\/\/tecnoglobalgt.com\/es\/wp-json\/wp\/v2\/product"}],"about":[{"href":"https:\/\/tecnoglobalgt.com\/es\/wp-json\/wp\/v2\/types\/product"}],"replies":[{"embeddable":true,"href":"https:\/\/tecnoglobalgt.com\/es\/wp-json\/wp\/v2\/comments?post=1130"}],"wp:featuredmedia":[{"embeddable":true,"href":"https:\/\/tecnoglobalgt.com\/es\/wp-json\/wp\/v2\/media\/2576"}],"wp:attachment":[{"href":"https:\/\/tecnoglobalgt.com\/es\/wp-json\/wp\/v2\/media?parent=1130"}],"wp:term":[{"taxonomy":"product_cat","embeddable":true,"href":"https:\/\/tecnoglobalgt.com\/es\/wp-json\/wp\/v2\/product_cat?post=1130"},{"taxonomy":"product_tag","embeddable":true,"href":"https:\/\/tecnoglobalgt.com\/es\/wp-json\/wp\/v2\/product_tag?post=1130"}],"curies":[{"name":"wp","href":"https:\/\/api.w.org\/{rel}","templated":true}]}}