{"id":1083,"date":"2021-11-04T22:38:31","date_gmt":"2021-11-04T22:38:31","guid":{"rendered":"https:\/\/tecnoglobalgt.com\/es\/?post_type=product&#038;p=1083"},"modified":"2025-09-13T19:01:17","modified_gmt":"2025-09-13T19:01:17","slug":"botella-de-tinta-generica-nkt-100ml-amarilla","status":"publish","type":"product","link":"https:\/\/tecnoglobalgt.com\/es\/product\/botella-de-tinta-generica-nkt-100ml-amarilla\/","title":{"rendered":"BOTELLA DE TINTA UNIVERSAL GENERICA NKT 100ML AMARILLA"},"content":{"rendered":"<p>Esta es una tinta original de f\u00e1brica, con base de agua y pigmento de origen alem\u00e1n, para uso en impresoras de alimentaci\u00f3n de sistema continuo y de cartucho. La tinta ideal para impresoras de sistema continuo de las l\u00edneas descritas en compatibilidad<\/p>\n","protected":false},"excerpt":{"rendered":"<ul>\n<li>Color Amarillo<\/li>\n<li>Cantidad 100ml<\/li>\n<li>Para Canon\/HP\/Lexmark\/Brother<\/li>\n<\/ul>\n","protected":false},"featured_media":3348,"comment_status":"open","ping_status":"closed","template":"","meta":[],"product_cat":[166,182,233],"product_tag":[],"class_list":{"0":"post-1083","1":"product","2":"type-product","3":"status-publish","4":"has-post-thumbnail","6":"product_cat-suministros","7":"product_cat-tintas","8":"product_cat-tintas-genericas","10":"first","11":"outofstock","12":"taxable","13":"shipping-taxable","14":"purchasable","15":"product-type-simple"},"_links":{"self":[{"href":"https:\/\/tecnoglobalgt.com\/es\/wp-json\/wp\/v2\/product\/1083","targetHints":{"allow":["GET"]}}],"collection":[{"href":"https:\/\/tecnoglobalgt.com\/es\/wp-json\/wp\/v2\/product"}],"about":[{"href":"https:\/\/tecnoglobalgt.com\/es\/wp-json\/wp\/v2\/types\/product"}],"replies":[{"embeddable":true,"href":"https:\/\/tecnoglobalgt.com\/es\/wp-json\/wp\/v2\/comments?post=1083"}],"wp:featuredmedia":[{"embeddable":true,"href":"https:\/\/tecnoglobalgt.com\/es\/wp-json\/wp\/v2\/media\/3348"}],"wp:attachment":[{"href":"https:\/\/tecnoglobalgt.com\/es\/wp-json\/wp\/v2\/media?parent=1083"}],"wp:term":[{"taxonomy":"product_cat","embeddable":true,"href":"https:\/\/tecnoglobalgt.com\/es\/wp-json\/wp\/v2\/product_cat?post=1083"},{"taxonomy":"product_tag","embeddable":true,"href":"https:\/\/tecnoglobalgt.com\/es\/wp-json\/wp\/v2\/product_tag?post=1083"}],"curies":[{"name":"wp","href":"https:\/\/api.w.org\/{rel}","templated":true}]}}