{"id":561,"date":"2020-10-20T15:10:27","date_gmt":"2020-10-20T15:10:27","guid":{"rendered":"https:\/\/tecnoglobalgt.com\/es\/?page_id=561"},"modified":"2021-03-08T16:12:20","modified_gmt":"2021-03-08T16:12:20","slug":"nosotros","status":"publish","type":"page","link":"https:\/\/tecnoglobalgt.com\/es\/nosotros\/","title":{"rendered":"Nosotros"},"content":{"rendered":"\n\n  <div class=\"banner has-hover\" id=\"banner-2106322601\">\n          <div class=\"banner-inner fill\">\n        <div class=\"banner-bg fill\" >\n            <img loading=\"lazy\" decoding=\"async\" width=\"2032\" height=\"508\" src=\"https:\/\/tecnoglobalgt.com\/es\/wp-content\/uploads\/2020\/10\/quienes-somos-tecnoglobal.jpg\" class=\"bg attachment-original size-original\" alt=\"\" \/>                                    \n                    <\/div>\n\t\t\n        <div class=\"banner-layers container\">\n            <div class=\"fill banner-link\"><\/div>            \n\n   <div id=\"text-box-1678886392\" class=\"text-box banner-layer x50 md-x50 lg-x50 y50 md-y50 lg-y50 res-text\">\n                                <div class=\"text-box-content text dark\">\n              \n              <div class=\"text-inner text-center\">\n                  \n\n<h1 class=\"lead\">Qui\u00e9nes Somos<\/h1>\n<p class=\"lead\">\n\n              <\/div>\n           <\/div>\n                            \n<style>\n#text-box-1678886392 {\n  width: 60%;\n}\n#text-box-1678886392 .text-box-content {\n  font-size: 100%;\n}\n<\/style>\n    <\/div>\n \n\n        <\/div>\n      <\/div>\n\n              <div class=\"height-fix is-invisible\"><img loading=\"lazy\" decoding=\"async\" width=\"2032\" height=\"508\" src=\"https:\/\/tecnoglobalgt.com\/es\/wp-content\/uploads\/2020\/10\/quienes-somos-tecnoglobal.jpg\" class=\"attachment-original size-original\" alt=\"\" srcset=\"https:\/\/tecnoglobalgt.com\/es\/wp-content\/uploads\/2020\/10\/quienes-somos-tecnoglobal.jpg 2032w, https:\/\/tecnoglobalgt.com\/es\/wp-content\/uploads\/2020\/10\/quienes-somos-tecnoglobal-800x200.jpg 800w, https:\/\/tecnoglobalgt.com\/es\/wp-content\/uploads\/2020\/10\/quienes-somos-tecnoglobal-1400x350.jpg 1400w, https:\/\/tecnoglobalgt.com\/es\/wp-content\/uploads\/2020\/10\/quienes-somos-tecnoglobal-768x192.jpg 768w, https:\/\/tecnoglobalgt.com\/es\/wp-content\/uploads\/2020\/10\/quienes-somos-tecnoglobal-1536x384.jpg 1536w, https:\/\/tecnoglobalgt.com\/es\/wp-content\/uploads\/2020\/10\/quienes-somos-tecnoglobal-600x150.jpg 600w\" sizes=\"auto, (max-width: 2032px) 100vw, 2032px\" \/><\/div>\n              <\/div>\n\n\n<div class=\"row\"  id=\"row-13677602\">\n\n\n\t<div id=\"col-1805015474\" class=\"col medium-6 small-12 large-6\"  >\n\t\t\t\t<div class=\"col-inner\"  >\n\t\t\t\n\t\t\t\n\n<div class=\"is-divider divider clearfix\" ><\/div>\n\n<h1 class=\"lead text-center\">Misi\u00f3n<\/h1>\n<p class=\"lead text-center\">Somos una empresa dedicada a la comercializaci\u00f3n, distribuci\u00f3n y reparaci\u00f3n de equipos de computo, as\u00ed como instalaci\u00f3n de redes, c\u00e1maras de seguridad, servicio de outsourcing, capacitaciones, mantenimiento, soporte t\u00e9cnico, desarrollo de software, venta accesorios, computadoras, impresoras, suministros y licencias de software.<\/p>\n<p class=\"lead text-center\"><br \/>Ofreciendo as\u00ed una soluci\u00f3n completa en tecnolog\u00eda para la satisfacci\u00f3n global a empresas, profesionales, administradores, y usuarios particulares en todo el territorio nacional.<\/p>\n\n\t\t<\/div>\n\t\t\t\t\t<\/div>\n\n\t\n\n\t<div id=\"col-1334068919\" class=\"col medium-6 small-12 large-6\"  >\n\t\t\t\t<div class=\"col-inner\"  >\n\t\t\t\n\t\t\t\n\n<div class=\"is-divider divider clearfix\" ><\/div>\n\n<h1 class=\"lead text-center\">Visi\u00f3n<\/h1>\n<p class=\"lead text-center\">Ser una empresa l\u00edder ocupando la primera posici\u00f3n en el mercado local y nacional a trav\u00e9s de nuestros servicios, garantizando soluci\u00f3n a los problemas relacionados con las actividades inform\u00e1ticas de nuestros clientes.<\/p>\n<p class=\"lead text-center\">Proporcionando a cada uno de ellos la mejor experiencia y satisfacci\u00f3n tecnol\u00f3gica, prestando nuestro servicio con calidad eficiencia y eficacia.<\/p>\n<div class=\"text-center\"><div class=\"is-divider divider clearfix\" ><\/div><\/div>\n\n\n\t\t<\/div>\n\t\t\t\t\t<\/div>\n\n\t\n\n<\/div>\n\n","protected":false},"excerpt":{"rendered":"","protected":false},"author":1,"featured_media":568,"parent":0,"menu_order":0,"comment_status":"closed","ping_status":"closed","template":"page-transparent-header-light.php","meta":{"footnotes":""},"class_list":["post-561","page","type-page","status-publish","has-post-thumbnail","hentry"],"_links":{"self":[{"href":"https:\/\/tecnoglobalgt.com\/es\/wp-json\/wp\/v2\/pages\/561","targetHints":{"allow":["GET"]}}],"collection":[{"href":"https:\/\/tecnoglobalgt.com\/es\/wp-json\/wp\/v2\/pages"}],"about":[{"href":"https:\/\/tecnoglobalgt.com\/es\/wp-json\/wp\/v2\/types\/page"}],"author":[{"embeddable":true,"href":"https:\/\/tecnoglobalgt.com\/es\/wp-json\/wp\/v2\/users\/1"}],"replies":[{"embeddable":true,"href":"https:\/\/tecnoglobalgt.com\/es\/wp-json\/wp\/v2\/comments?post=561"}],"version-history":[{"count":24,"href":"https:\/\/tecnoglobalgt.com\/es\/wp-json\/wp\/v2\/pages\/561\/revisions"}],"predecessor-version":[{"id":625,"href":"https:\/\/tecnoglobalgt.com\/es\/wp-json\/wp\/v2\/pages\/561\/revisions\/625"}],"wp:featuredmedia":[{"embeddable":true,"href":"https:\/\/tecnoglobalgt.com\/es\/wp-json\/"}],"wp:attachment":[{"href":"https:\/\/tecnoglobalgt.com\/es\/wp-json\/wp\/v2\/media?parent=561"}],"curies":[{"name":"wp","href":"https:\/\/api.w.org\/{rel}","templated":true}]}}